{"id":143,"date":"2018-01-09T09:59:57","date_gmt":"2018-01-09T09:59:57","guid":{"rendered":"http:\/\/ry0xysuxf.preview.infomaniak.website?post_type=product&#038;p=143"},"modified":"2023-01-03T13:45:25","modified_gmt":"2023-01-03T13:45:25","slug":"noise-sources","status":"publish","type":"product","link":"https:\/\/www.airvision.be\/en\/product\/noise-sources\/","title":{"rendered":"Noise sources"},"content":{"rendered":"<p>Les ventilateurs sont des machines particuli\u00e8rement bruyantes qui n\u00e9cessitent souvent un traitement acoustique. Nous distinguons le bruit de bouche du bruit de carcasse. Le bruit de bouche peut \u00eatre r\u00e9duit par l&#8217;adjonction de silencieux d&#8217;aspiration et\/ou de refoulement.<\/p>\n<p>Le bruit de carcasse sera lui att\u00e9nu\u00e9 par, soit l&#8217;isolation de la volute, soit un capotage acoustique complet en cas de contraintes extr\u00eames.<\/p>\n<p><a href=\"https:\/\/www.airvision.be\/\/wp-content\/uploads\/AIRVISION-BROCHURE-ACOUSTIQUE-FR.pdf\">Download our documentation<\/a><\/p>\n","protected":false},"excerpt":{"rendered":"<p>Les ventilateurs sont des machines particuli\u00e8rement bruyantes qui n\u00e9cessitent souvent un traitement acoustique. Nous distinguons le bruit de bouche du bruit de carcasse. Le bruit de bouche peut \u00eatre r\u00e9duit par l&#8217;adjonction de silencieux d&#8217;aspiration et\/ou de refoulement.<\/p>\n<p>Le bruit de carcasse sera lui att\u00e9nu\u00e9 par, soit l&#8217;isolation de la volute, soit un capotage acoustique complet en cas de contraintes extr\u00eames.<\/p>\n","protected":false},"featured_media":471,"template":"","type-of-product":[10],"class_list":["post-143","product","type-product","status-publish","has-post-thumbnail","hentry","type-of-product-acoustic-solution-for-fans"],"_links":{"self":[{"href":"https:\/\/www.airvision.be\/en\/wp-json\/wp\/v2\/product\/143","targetHints":{"allow":["GET"]}}],"collection":[{"href":"https:\/\/www.airvision.be\/en\/wp-json\/wp\/v2\/product"}],"about":[{"href":"https:\/\/www.airvision.be\/en\/wp-json\/wp\/v2\/types\/product"}],"version-history":[{"count":1,"href":"https:\/\/www.airvision.be\/en\/wp-json\/wp\/v2\/product\/143\/revisions"}],"predecessor-version":[{"id":4607,"href":"https:\/\/www.airvision.be\/en\/wp-json\/wp\/v2\/product\/143\/revisions\/4607"}],"wp:featuredmedia":[{"embeddable":true,"href":"https:\/\/www.airvision.be\/en\/wp-json\/wp\/v2\/media\/471"}],"wp:attachment":[{"href":"https:\/\/www.airvision.be\/en\/wp-json\/wp\/v2\/media?parent=143"}],"wp:term":[{"taxonomy":"type-of-product","embeddable":true,"href":"https:\/\/www.airvision.be\/en\/wp-json\/wp\/v2\/type-of-product?post=143"}],"curies":[{"name":"wp","href":"https:\/\/api.w.org\/{rel}","templated":true}]}}