{"id":144,"date":"2018-01-09T10:00:11","date_gmt":"2018-01-09T10:00:11","guid":{"rendered":"http:\/\/ry0xysuxf.preview.infomaniak.website?post_type=product&#038;p=144"},"modified":"2018-01-18T14:49:51","modified_gmt":"2018-01-18T14:49:51","slug":"pushed-analyses","status":"publish","type":"product","link":"https:\/\/www.airvision.be\/en\/product\/pushed-analyses\/","title":{"rendered":"Pushed analyses"},"content":{"rendered":"<p>Air Vision dispose de logiciels de s\u00e9lection permettant une analyse pr\u00e9cise du niveau de bruit d&#8217;un ventilateur. Ce bruit sera d\u00e9pendant des caract\u00e9ristiques a\u00e9rauliques, sans oublier l&#8217;influence fondamentale qu&#8217;aura l&#8217;environnement dans lequel le ventilateur est install\u00e9. Notre &#8221; Guide pratique du ventilateur &#8221; (disponible sur demande) introduit cette mati\u00e8re complexe qu&#8217;est l&#8217;acoustique appliqu\u00e9e au ventilateur.<\/p>\n<p><a href=\"https:\/\/www.airvision.be\/\/wp-content\/uploads\/AIRVISION-BROCHURE-ACOUSTIQUE-FR.pdf\">Download our documentation<\/a><\/p>\n","protected":false},"excerpt":{"rendered":"<p>Air Vision dispose de logiciels de s\u00e9lection permettant une analyse pr\u00e9cise du niveau de bruit d&#8217;un ventilateur. Ce bruit sera d\u00e9pendant des caract\u00e9ristiques a\u00e9rauliques, sans oublier l&#8217;influence fondamentale qu&#8217;aura l&#8217;environnement [&hellip;]<\/p>\n","protected":false},"featured_media":472,"template":"","type-of-product":[10],"class_list":["post-144","product","type-product","status-publish","has-post-thumbnail","hentry","type-of-product-acoustic-solution-for-fans"],"_links":{"self":[{"href":"https:\/\/www.airvision.be\/en\/wp-json\/wp\/v2\/product\/144","targetHints":{"allow":["GET"]}}],"collection":[{"href":"https:\/\/www.airvision.be\/en\/wp-json\/wp\/v2\/product"}],"about":[{"href":"https:\/\/www.airvision.be\/en\/wp-json\/wp\/v2\/types\/product"}],"version-history":[{"count":0,"href":"https:\/\/www.airvision.be\/en\/wp-json\/wp\/v2\/product\/144\/revisions"}],"wp:featuredmedia":[{"embeddable":true,"href":"https:\/\/www.airvision.be\/en\/wp-json\/wp\/v2\/media\/472"}],"wp:attachment":[{"href":"https:\/\/www.airvision.be\/en\/wp-json\/wp\/v2\/media?parent=144"}],"wp:term":[{"taxonomy":"type-of-product","embeddable":true,"href":"https:\/\/www.airvision.be\/en\/wp-json\/wp\/v2\/type-of-product?post=144"}],"curies":[{"name":"wp","href":"https:\/\/api.w.org\/{rel}","templated":true}]}}