{"id":145,"date":"2018-01-09T10:00:27","date_gmt":"2018-01-09T10:00:27","guid":{"rendered":"http:\/\/ry0xysuxf.preview.infomaniak.website?post_type=product&#038;p=145"},"modified":"2018-01-19T08:48:32","modified_gmt":"2018-01-19T08:48:32","slug":"thoughtfull-solutions","status":"publish","type":"product","link":"https:\/\/www.airvision.be\/en\/product\/thoughtfull-solutions\/","title":{"rendered":"Thoughtfull Solutions"},"content":{"rendered":"<p>L&#8217;analyse acoustique ayant \u00e9t\u00e9 r\u00e9alis\u00e9e et les mesures \u00e0 mettre en oeuvre identifi\u00e9es, Air Vision est \u00e0 m\u00eame de proposer une solution &#8220;cl\u00e9 en main&#8221; \u00e9vitant un engineering co\u00fbteux pour ses clients.<\/p>\n<p><a href=\"https:\/\/www.airvision.be\/\/wp-content\/uploads\/AIRVISION-BROCHURE-ACOUSTIQUE-FR.pdf\">Download our documentation<\/a><\/p>\n","protected":false},"excerpt":{"rendered":"<p>L&#8217;analyse acoustique ayant \u00e9t\u00e9 r\u00e9alis\u00e9e et les mesures \u00e0 mettre en oeuvre identifi\u00e9es, Air Vision est \u00e0 m\u00eame de proposer une solution &#8220;cl\u00e9 en main&#8221; \u00e9vitant un engineering co\u00fbteux pour [&hellip;]<\/p>\n","protected":false},"featured_media":659,"template":"","type-of-product":[10],"class_list":["post-145","product","type-product","status-publish","has-post-thumbnail","hentry","type-of-product-acoustic-solution-for-fans"],"_links":{"self":[{"href":"https:\/\/www.airvision.be\/en\/wp-json\/wp\/v2\/product\/145","targetHints":{"allow":["GET"]}}],"collection":[{"href":"https:\/\/www.airvision.be\/en\/wp-json\/wp\/v2\/product"}],"about":[{"href":"https:\/\/www.airvision.be\/en\/wp-json\/wp\/v2\/types\/product"}],"version-history":[{"count":0,"href":"https:\/\/www.airvision.be\/en\/wp-json\/wp\/v2\/product\/145\/revisions"}],"wp:featuredmedia":[{"embeddable":true,"href":"https:\/\/www.airvision.be\/en\/wp-json\/wp\/v2\/media\/659"}],"wp:attachment":[{"href":"https:\/\/www.airvision.be\/en\/wp-json\/wp\/v2\/media?parent=145"}],"wp:term":[{"taxonomy":"type-of-product","embeddable":true,"href":"https:\/\/www.airvision.be\/en\/wp-json\/wp\/v2\/type-of-product?post=145"}],"curies":[{"name":"wp","href":"https:\/\/api.w.org\/{rel}","templated":true}]}}