{"id":47,"date":"2017-11-23T11:05:24","date_gmt":"2017-11-23T11:05:24","guid":{"rendered":"http:\/\/ry0xysuxf.preview.infomaniak.website?post_type=product&#038;p=47"},"modified":"2022-12-14T07:54:27","modified_gmt":"2022-12-14T07:54:27","slug":"acovent-the-best-buy-for-industrial-fans","status":"publish","type":"product","link":"https:\/\/www.airvision.be\/en\/product\/acovent-the-best-buy-for-industrial-fans\/","title":{"rendered":"Acovent : the best buy for industrial fans"},"content":{"rendered":"<p>From among the huge choice of fans from 0.1 to 2000 kW that it provides, with ACOVENT, AIR VISION proposes a range with an excellent quality-price ratio, consisting of strong construction, welded, extremely flexible and built on a standardized base. Air Vision selects the right fan corresponding to the specifications submitted, taking into account both economic criteria such as investment and operating costs, and also technical criteria such as reliability, longevity and energy efficiency, which are important issues for decision makers.<\/p>\n<p><a class=\"pdflink\" href=\"https:\/\/www.airvision.be\/\/wp-content\/uploads\/3-6-AIRVISION-BROCHURE-ACOVENT-US.pdf\">Presentation Acovent<\/a><\/p>\n<p>&nbsp;<\/p>\n<p><strong>CTR-CTA<\/strong><\/p>\n<p>Fans designed for high flows with lower pressure. Available in single or double inlet. Flow up to 400.000 m\u00b3\/h and with a pressure up to 3000 Pa.<\/p>\n<p>Impeller <span class=\"su-lightbox\" data-mfp-src=\"https:\/\/www.airvision.be\/wp-content\/uploads\/AirVision-impeller-CTR.jpg\" data-mfp-type=\"image\" data-mobile=\"yes\"><span style=\"text-decoration: underline;\"><strong>CTR<\/strong><\/span><\/span>\u00a0is designed with straight backward blades.<\/p>\n<p>Impeller <span class=\"su-lightbox\" data-mfp-src=\"https:\/\/www.airvision.be\/wp-content\/uploads\/AirVision-impeller-CTA.jpg\" data-mfp-type=\"image\" data-mobile=\"yes\"><span style=\"text-decoration: underline;\"><strong>CTA<\/strong><\/span><\/span>\u00a0is designed with backward curved Airfoil blades with high efficiency.<\/p>\n<p>&nbsp;<\/p>\n<p><img loading=\"lazy\" decoding=\"async\" class=\"wp-image-4239 alignright\" src=\"https:\/\/www.airvision.be\/wp-content\/uploads\/CTA-CTR-Serie-300x200.jpg\" alt=\"\" width=\"447\" height=\"298\" srcset=\"https:\/\/www.airvision.be\/wp-content\/uploads\/CTA-CTR-Serie-300x200.jpg 300w, https:\/\/www.airvision.be\/wp-content\/uploads\/CTA-CTR-Serie.jpg 560w\" sizes=\"auto, (max-width: 447px) 100vw, 447px\" \/><\/p>\n<p><span id=\"result_box\">The fans of the CTA &#8211; CTR series are high efficiency centrifugal fans for low pressures in flat-blade backward inclined (CTR) and airfoil (CTA). They were specifically designed for conveying clean or slightly dusty air and can be run both single and double inlet. These fans find their main application in the civil air conditioning systems, dust collection systems, drying cabins, in painting systems, boilers and furnaces. One of the main characteristics of these series is the sturdy electro-welded construction, made of thick plates and reinforced as required, which guarantees minimum noise and the absence of vibrations and pulsations.<\/span><\/p>\n<p><span id=\"result_box\">The fans of the\u00a0CTA\u00a0&#8211;\u00a0CTR\u00a0series\u00a0are manufactured\u00a0in 24\u00a0sizes with\u00a0impeller\u00a0from\u00a0318mm\u00a0to 2400mm\u00a0in diameter.\u00a0All the fans are built in\u00a0fixed\u00a0execution;\u00a0from the size\u00a0&#8220;150&#8221;\u00a0onwards\u00a0are supplied unassembled\u00a0with the case\u00a0divided\u00a0to allow\u00a0the transport.\u00a0The impellers\u00a0are\u00a0statically and dynamically balanced\u00a0with electronic equipment\u00a0in\u00a0compliance\u00a0with ISO\u00a0N.1940\u00a0Class G\u00a0=\u00a02.5.<\/span><\/p>\n<p>&nbsp;<\/p>\n<p><strong>CTC-NFR<\/strong><\/p>\n<p>Fans designed for flows with middle pressure. Available in single or double inlet. Flow up to 250.000 m\u00b3\/h and with a pressure up to 6000 Pa.<\/p>\n<p>Impeller <span class=\"su-lightbox\" data-mfp-src=\"https:\/\/www.airvision.be\/wp-content\/uploads\/AirVision-impeller-NFL-NFR.jpg\" data-mfp-type=\"image\" data-mobile=\"yes\"><span style=\"text-decoration: underline;\"><strong>NFR<\/strong><\/span><\/span> and <span class=\"su-lightbox\" data-mfp-src=\"https:\/\/www.airvision.be\/wp-content\/uploads\/AirVision-impeller-CTC.jpg\" data-mfp-type=\"image\" data-mobile=\"yes\"><span style=\"text-decoration: underline;\"><strong>CTC<\/strong><\/span><\/span> are designed with backward curved blades.<\/p>\n<p>&nbsp;<\/p>\n<p><img loading=\"lazy\" decoding=\"async\" class=\" wp-image-4249 alignright\" src=\"https:\/\/www.airvision.be\/wp-content\/uploads\/CTC-NFR-NFL-Serie-300x200.jpg\" alt=\"\" width=\"446\" height=\"297\" srcset=\"https:\/\/www.airvision.be\/wp-content\/uploads\/CTC-NFR-NFL-Serie-300x200.jpg 300w, https:\/\/www.airvision.be\/wp-content\/uploads\/CTC-NFR-NFL-Serie-1024x683.jpg 1024w, https:\/\/www.airvision.be\/wp-content\/uploads\/CTC-NFR-NFL-Serie-768x512.jpg 768w, https:\/\/www.airvision.be\/wp-content\/uploads\/CTC-NFR-NFL-Serie-1536x1024.jpg 1536w, https:\/\/www.airvision.be\/wp-content\/uploads\/CTC-NFR-NFL-Serie-2048x1365.jpg 2048w\" sizes=\"auto, (max-width: 446px) 100vw, 446px\" \/><\/p>\n<p><span id=\"result_box\"><span title=\"I ventilatori delle serie CTC - NFR - NFL sono ventilatori centrifughi a pale curve rovesce (CTC) o piane rovesce (NFR-NFL) a media pressione sia a semplice che a doppia aspirazione studiati appositamente per convogliare aria pulita o leggermente polverosa con portate fino a\">The fans of the CTC series &#8211; NFR &#8211; NFL are centrifugal fans with backward curved blades (CTC) or backward flat (NFR-NFL) medium pres double inlet specially designed for conveying clean or slightly dusty air with flow rates up to <\/span><span title=\"1.000.000 m3\/h ed una pressione fino a 8.000 Pa. Questi ventilatori trovano la loro principale applicazione come trasporti pneumatici, barriere d'aria, agitatori di liquidi e raffreddamento o tempra del vetro.\">1,000,000 m<sup>3<\/sup>\/h and a pressure up to 8,000 Pa. These fans find their main application as pneumatic conveying, air curtains, liquid agitators and cooling or glass tempering.\u00a0<\/span><span title=\"Ci\u00f2 che contraddistingue le serie CTC \u00e8 la possibilit\u00e0 di montare 2 diversi tipi di girante, standard o autopulente a seconda della quantit\u00e0 di polvere presente nel fluido in un'unica chiocciola raggiungendo in tal modo i massimi livelli di standardizzazione e di funzionalit\u00e0.\">What distinguishes the CTC series is the possibility to mount 2 different types of impeller, standard or self-cleaning depending on the amount of dust present in the fluid on one spiral thus reaching the highest levels of standardization and functionality.\u00a0<\/span><span title=\"Una delle principali caratteristiche di queste serie \u00e8 la robusta costruzione elettrosaldata eseguita con lamiere di forte spessore opportunamente rinforzate che garantiscono la minima rumorosit\u00e0 e l'assenza di vibrazioni e pulsazioni.\">One of the main features of these series is the robust construction with strong electro performed appropriately reinforced metal sheets that ensure minimum noise and the absence of vibrations and pulsations.<\/span><\/span><\/p>\n<p><span id=\"result_box\">The fans\u00a0of the\u00a0CTC\u00a0series &#8211;\u00a0NFR\u00a0&#8211;\u00a0NFL\u00a0are built in\u00a019 sizes\u00a0with\u00a0impellers\u00a0from 400\u00a0mm\u00a0to 2500\u00a0mm in diameter,\u00a0the size\u00a01600 onwards, the fans are\u00a0supplied\u00a0with case\u00a0divided into two\u00a0or more parts\u00a0to be able to\u00a0effect the transport.\u00a0The impellers\u00a0are\u00a0statically and dynamically balanced\u00a0with electronic equipment\u00a0in\u00a0compliance\u00a0with ISO\u00a0N.1940\u00a0Class G\u00a0=\u00a02.5.<\/span><\/p>\n<p>&nbsp;<\/p>\n<p><strong>CTD-NFD-NFE<\/strong><\/p>\n<p>Fans designed for flows with high pressure. Available in single or double inlet. Flow up to 250.000 m\u00b3\/h and with a pressure up to 17000 Pa.<\/p>\n<p>Impeller <span id=\"result_box\"><span title=\"I ventilatori delle serie CTD - NFD - NFE sono ventilatori centrifughi a pale curve rovesce ad alta pressione sia a semplice che a doppia aspirazione studiati appositamente per convogliare aria pulita o leggermente polverosa con portate fino a 350.000 m3\/h ed una pressione fino a 20.000 Pa\"><span class=\"su-lightbox\" data-mfp-src=\"https:\/\/www.airvision.be\/wp-content\/uploads\/AirVision-impeller-CTD.jpg\" data-mfp-type=\"image\" data-mobile=\"yes\"><span style=\"text-decoration: underline;\"><strong>CTD<\/strong><\/span><\/span> &#8211; <span class=\"su-lightbox\" data-mfp-src=\"https:\/\/www.airvision.be\/wp-content\/uploads\/AirVision-impeller-NFD.jpg\" data-mfp-type=\"image\" data-mobile=\"yes\"><span style=\"text-decoration: underline;\"><strong>NFD<\/strong><\/span><\/span> &#8211; <span class=\"su-lightbox\" data-mfp-src=\"https:\/\/www.airvision.be\/wp-content\/uploads\/AirVision-impeller-NFE.jpg\" data-mfp-type=\"image\" data-mobile=\"yes\"><span style=\"text-decoration: underline;\"><strong>NFE<\/strong><\/span><\/span><\/span><\/span>\u00a0are designed with backward curved blades.<\/p>\n<p>&nbsp;<\/p>\n<p><img loading=\"lazy\" decoding=\"async\" class=\" wp-image-4254 alignright\" src=\"https:\/\/www.airvision.be\/wp-content\/uploads\/CTD-NFD-NFE-Serie-300x225.jpg\" alt=\"\" width=\"442\" height=\"331\" srcset=\"https:\/\/www.airvision.be\/wp-content\/uploads\/CTD-NFD-NFE-Serie-300x225.jpg 300w, https:\/\/www.airvision.be\/wp-content\/uploads\/CTD-NFD-NFE-Serie-768x576.jpg 768w, https:\/\/www.airvision.be\/wp-content\/uploads\/CTD-NFD-NFE-Serie.jpg 1024w\" sizes=\"auto, (max-width: 442px) 100vw, 442px\" \/><\/p>\n<p><span id=\"result_box\"><span title=\"I ventilatori delle serie CTD - NFD - NFE sono ventilatori centrifughi a pale curve rovesce ad alta pressione sia a semplice che a doppia aspirazione studiati appositamente per convogliare aria pulita o leggermente polverosa con portate fino a 350.000 m3\/h ed una pressione fino a 20.000 Pa\">The fans of the \u00a0series CTD, NFD and NFE are centrifugal fans with backward curved blades at high pressure both simple and double inlet specially designed for conveying clean or slightly dusty air with flow rates up to 350,000 m<sup>3<\/sup>\/h and a pressure up to 20.000 Pa\u00a0<\/span><span title=\". Questi ventilatori trovano la loro principale applicazione come ventilatori per aria comburente, per trasporti pneumatici, barriere d'aria, agitatori di liquidi e raffreddamento o tempra del vetro.\">. These fans find their main application as fans for combustion air, for pneumatic transport, air curtains, liquid agitators and cooling or glass tempering.\u00a0<\/span><span title=\"Ci\u00f2 che contraddistingue le serie CTD \u00e8 la possibilit\u00e0 di montare 2 diversi tipi di girante, standard o autopulente a seconda della quantit\u00e0 di polvere presente nel fluido in un'unica chiocciola raggiungendo in tal modo i massimi livelli di standardizzazione e di funzionalit\u00e0.\">What distinguishes the CTD series is the possibility to mount 2 different types of impeller, standard or self-cleaning depending on the amount of powder present in the fluid on one spiral reaching the highest levels of standardization and functionality in this way.\u00a0<\/span><span title=\"Una delle principali caratteristiche di queste serie \u00e8 la robusta costruzione elettrosaldata eseguita con lamiere di forte spessore opportunamente rinforzate che garantiscono la minima rumorosit\u00e0 e l'assenza di vibrazioni e pulsazioni.\">One of the main features of these series is the robust construction with strong electro performed appropriately reinforced metal sheets that ensure minimum noise and the absence of vibrations and pulsations.<\/span><\/span><\/p>\n<p><span id=\"result_box\">The fans\u00a0of the\u00a0CTD\u00a0series &#8211;\u00a0NFD\u00a0&#8211;\u00a0NFE\u00a0are built in\u00a021 sizes\u00a0with\u00a0impellers\u00a0from 315\u00a0mm\u00a0to 2500\u00a0mm in diameter,\u00a0the size\u00a01600 onwards, the fans are\u00a0supplied\u00a0with case\u00a0divided into two\u00a0or more parts\u00a0to be able to\u00a0effect the transport.\u00a0The impellers\u00a0are\u00a0statically and dynamically balanced\u00a0with electronic equipment\u00a0in\u00a0compliance\u00a0with ISO\u00a0N.1940\u00a0Class G\u00a0=\u00a02.5.<\/span><\/p>\n<p>&nbsp;<\/p>\n<p><strong>NFEA-NFDA-CTT-CTMR<\/strong><\/p>\n<p>Fans designed for flows with dust content, fibers or solids. Flow up to 250.000 m\u00b3\/h and with a pressure up to 10000 Pa.<\/p>\n<p>Impeller NFEA and NFDA are designed with backward straight blades.<br \/>\nImpeller <span class=\"su-lightbox\" data-mfp-src=\"https:\/\/www.airvision.be\/wp-content\/uploads\/AirVision-impeller-CTT.jpg\" data-mfp-type=\"image\" data-mobile=\"yes\"><span style=\"text-decoration: underline;\"><strong>CTT<\/strong><\/span><\/span> and <span class=\"su-lightbox\" data-mfp-src=\"https:\/\/www.airvision.be\/wp-content\/uploads\/AirVision-impeller-CTMR.jpg\" data-mfp-type=\"image\" data-mobile=\"yes\"><span style=\"text-decoration: underline;\"><strong>CTMR<\/strong><\/span><\/span> are impellers with straight blades.<\/p>\n<p>&nbsp;<\/p>\n<p><img loading=\"lazy\" decoding=\"async\" class=\" wp-image-4265 alignright\" src=\"https:\/\/www.airvision.be\/wp-content\/uploads\/CTT-CTMR-Serie-300x225.jpg\" alt=\"\" width=\"439\" height=\"329\" srcset=\"https:\/\/www.airvision.be\/wp-content\/uploads\/CTT-CTMR-Serie-300x225.jpg 300w, https:\/\/www.airvision.be\/wp-content\/uploads\/CTT-CTMR-Serie-768x576.jpg 768w, https:\/\/www.airvision.be\/wp-content\/uploads\/CTT-CTMR-Serie.jpg 1024w\" sizes=\"auto, (max-width: 439px) 100vw, 439px\" \/><\/p>\n<p><span id=\"result_box\">The fans of the CTT &#8211; CTMR series are centrifugal fans with radial blades (with or without cone) specially designed for conveying air or gas containing powders, granular materials and long fibers. These fans find their main application in the dust suppression equipment, for fumes aspiration or acid vapors. What distinguishes the CTT series &#8211; CTMR is the possibility to mount three different types of impeller in a single spiral thus reaching the highest levels of standardization and functionality. One of the main features of these series is the robust construction with strong electro performed appropriately reinforced metal sheets that ensure minimum noise and the absence of vibrations and pulsations.<\/span><\/p>\n<p><span id=\"result_box\">The series of CTT &#8211; CTMR fans are built in 24 sizes with impeller from 400mm to 2500mm in diameter. All fans are build in fixed execution. From size &#8220;1600&#8221; onwards, the fans are supplied with case divided to allow the transport. The impellers are statically and dynamically balanced with electronic equipment in compliance with ISO N.1940 Class G = 2.5.<\/span><\/p>\n","protected":false},"excerpt":{"rendered":"<p>From among the huge choice of fans from 0.1 to 2000 kW that it provides, with ACOVENT, AIR VISION proposes a range with an excellent quality-price ratio, consisting of strong construction, welded, extremely flexible and built on a standardized base. Air Vision selects the right fan corresponding to the specifications submitted, taking into account both economic criteria such as investment and operating costs, and also technical criteria such as reliability, longevity and energy efficiency, which are important issues for decision makers.<\/p>\n","protected":false},"featured_media":798,"template":"","type-of-product":[7],"class_list":["post-47","product","type-product","status-publish","has-post-thumbnail","hentry","type-of-product-fans-for-industrial-processes"],"_links":{"self":[{"href":"https:\/\/www.airvision.be\/en\/wp-json\/wp\/v2\/product\/47","targetHints":{"allow":["GET"]}}],"collection":[{"href":"https:\/\/www.airvision.be\/en\/wp-json\/wp\/v2\/product"}],"about":[{"href":"https:\/\/www.airvision.be\/en\/wp-json\/wp\/v2\/types\/product"}],"version-history":[{"count":45,"href":"https:\/\/www.airvision.be\/en\/wp-json\/wp\/v2\/product\/47\/revisions"}],"predecessor-version":[{"id":4533,"href":"https:\/\/www.airvision.be\/en\/wp-json\/wp\/v2\/product\/47\/revisions\/4533"}],"wp:featuredmedia":[{"embeddable":true,"href":"https:\/\/www.airvision.be\/en\/wp-json\/wp\/v2\/media\/798"}],"wp:attachment":[{"href":"https:\/\/www.airvision.be\/en\/wp-json\/wp\/v2\/media?parent=47"}],"wp:term":[{"taxonomy":"type-of-product","embeddable":true,"href":"https:\/\/www.airvision.be\/en\/wp-json\/wp\/v2\/type-of-product?post=47"}],"curies":[{"name":"wp","href":"https:\/\/api.w.org\/{rel}","templated":true}]}}