{"id":3416,"date":"2021-03-19T11:34:24","date_gmt":"2021-03-19T11:34:24","guid":{"rendered":"https:\/\/www.airvision.be\/?page_id=3416"},"modified":"2023-11-03T17:04:03","modified_gmt":"2023-11-03T17:04:03","slug":"webacademy","status":"publish","type":"page","link":"https:\/\/www.airvision.be\/fr\/academy\/webacademy\/","title":{"rendered":"Vid\u00e9os"},"content":{"rendered":"\n<h2 class=\"wp-block-heading\">Ventilateurs \u00e9tanches<\/h2>\n\n\n\n<p><iframe loading=\"lazy\" class=\"alignright\" src=\"https:\/\/www.youtube.com\/embed\/snGIg-0KKFQ\" width=\"640\" height=\"360\" frameborder=\"0\" allowfullscreen=\"allowfullscreen\" data-mce-fragment=\"1\"><br \/>\n<span data-mce-type=\"bookmark\" style=\"display: inline-block; width: 0px; overflow: hidden; line-height: 0;\" class=\"mce_SELRES_start\">\ufeff<\/span><\/iframe><\/p>\n\n\n\n<p><strong>L\u2019\u00e9tanch\u00e9it\u00e9 est en effet une notion toute relative.<br><\/strong><br>Un utilisateur habitu\u00e9 \u00e0 un ventilateur d\u2019ex\u00e9cution tr\u00e8s l\u00e9g\u00e8re sera satisfait avec une solution soud\u00e9e en continu et une \u00e9tanch\u00e9it\u00e9 au passage d\u2019arbre simple.<\/p>\n\n\n\n<p>Pour certains process, il faudra toutefois aller beaucoup plus loin avec une \u00e9tanch\u00e9it\u00e9 de 100% lourde de cons\u00e9quences pour l\u2019ex\u00e9cution.<\/p>\n\n\n\n<div style=\"height:27px\" aria-hidden=\"true\" class=\"wp-block-spacer\"><\/div>\n\n\n\n<hr class=\"wp-block-separator has-alpha-channel-opacity\"\/>\n\n\n\n<h2 class=\"wp-block-heading\">L\u2019acoustique d\u2019un ventilateur est une mati\u00e8re d\u00e9licate<\/h2>\n\n\n\n<p><iframe loading=\"lazy\" class=\"alignright\" src=\"https:\/\/www.youtube.com\/embed\/QTmurGsQSQ8\" width=\"640\" height=\"360\" frameborder=\"0\" allowfullscreen=\"allowfullscreen\" data-mce-fragment=\"1\"><br \/>\n<span data-mce-type=\"bookmark\" style=\"display: inline-block; width: 0px; overflow: hidden; line-height: 0;\" class=\"mce_SELRES_start\">\ufeff<\/span><\/iframe><\/p>\n\n\n\n<p>Le ventilateur est une machine tournante et donc forc\u00e9ment g\u00e9n\u00e9ratrice de bruit<\/p>\n\n\n\n<p>Un niveau de bruit peut \u00eatre exprim\u00e9 en puissance Lw(A) ou en pression acoustique Lp(A) qui elle s\u2019exprime \u00e0 une distance d\u00e9finie. Ceci est important pour r\u00e9pondre aux exigences d\u2019un cahier des charges ou pouvoir comparer correctement des niveaux de bruit.<\/p>\n\n\n\n<div style=\"height:27px\" aria-hidden=\"true\" class=\"wp-block-spacer\"><\/div>\n\n\n\n<hr class=\"wp-block-separator has-alpha-channel-opacity\"\/>\n\n\n\n<h2 class=\"wp-block-heading\">Comment s\u00e9lectionner le bon syst\u00e8me de peinture pour votre ventilateur ?<\/h2>\n\n\n\n<p><iframe loading=\"lazy\" class=\"alignright\" src=\"https:\/\/www.youtube.com\/embed\/-hAiGzj6GEY\" width=\"640\" height=\"360\" frameborder=\"0\" allowfullscreen=\"allowfullscreen\" data-mce-fragment=\"1\"><br \/>\n<span data-mce-type=\"bookmark\" style=\"display: inline-block; width: 0px; overflow: hidden; line-height: 0;\" class=\"mce_SELRES_start\">\ufeff<\/span><\/iframe><\/p>\n\n\n\n<p><strong>Peintures int\u00e9rieures, ext\u00e9rieures, en contact avec le fluide ou non&nbsp;?<\/strong><\/p>\n\n\n\n<p>Dans un process haute temp\u00e9rature ou avec des normes s\u00e9v\u00e8res telles que dans l\u2019industrie agro-alimentaire, \u2026\u2026toutes des questions qu\u2019il faut se poser lors de l\u2019offre.<\/p>\n\n\n\n<p>Une norme internationale existe, l\u2019ISO 12944 qui a cr\u00e9\u00e9 une \u00e9chelle de gradation allant de C1 \u00e0 C5 pour des atmosph\u00e8res agressives et marines.<\/p>\n\n\n\n<div style=\"height:27px\" aria-hidden=\"true\" class=\"wp-block-spacer\"><\/div>\n\n\n\n<hr class=\"wp-block-separator has-alpha-channel-opacity\"\/>\n\n\n\n<h2 class=\"wp-block-heading\">Airvision CARE en quelques mots<\/h2>\n\n\n\n<p><iframe loading=\"lazy\" class=\"alignright\" src=\"https:\/\/www.youtube.com\/embed\/zNbWMDBbChQ\" width=\"640\" height=\"360\" frameborder=\"0\" allowfullscreen=\"allowfullscreen\" data-mce-fragment=\"1\"><br \/>\n<span data-mce-type=\"bookmark\" style=\"display: inline-block; width: 0px; overflow: hidden; line-height: 0;\" class=\"mce_SELRES_start\">\ufeff<\/span><\/iframe><\/p>\n\n\n\n<p><strong>Notre monde se digitalise et l&#8217;industrie fait de m\u00eame<\/strong><\/p>\n\n\n\n<p>Les IoT (Internet of Thinks) sont en plein essor. En tant que fabriquant de ventilateurs, nous avons toujours \u00e9t\u00e9 curieux et int\u00e9ress\u00e9 \u00e0 rester en phase avec les tendances.Nous avons d\u00e9velopp\u00e9 un bo\u00eetier intelligent&nbsp; qui sera le garant de la bonne sant\u00e9 de votre ventilateur. Ce boitier donnera des informatons locales, mais \u00e9galement \u00e0 distance vers votre GSM et\/ou votre r\u00e9seau Ethernet.<\/p>\n\n\n\n<p>AIRVISION CARE va mesurer l&#8217;\u00e9tat vibratoire et de temp\u00e9rature des paliers de votre ventilateur.<\/p>\n\n\n\n<p>La lumi\u00e8re est verte ? Tout va bien<\/p>\n\n\n\n<p>La lumi\u00e8re est orange ? Attention<\/p>\n\n\n\n<p>La lumi\u00e8re est rouge? Un arr\u00eat s&#8217;impose<\/p>\n\n\n\n<p><a href=\"https:\/\/www.airvision.be\/wp-content\/uploads\/Fiche-technique-AirVision-care-complet-FR.pdf\" target=\"_blank\" rel=\"noopener\">AirVision CARE<\/a><\/p>\n","protected":false},"excerpt":{"rendered":"<p>Ventilateurs \u00e9tanches \ufeff L\u2019\u00e9tanch\u00e9it\u00e9 est en effet une notion toute relative.Un utilisateur habitu\u00e9 \u00e0 un ventilateur d\u2019ex\u00e9cution tr\u00e8s l\u00e9g\u00e8re sera satisfait avec une solution soud\u00e9e en continu et une \u00e9tanch\u00e9it\u00e9 [&hellip;]<\/p>\n","protected":false},"author":1,"featured_media":0,"parent":4835,"menu_order":0,"comment_status":"closed","ping_status":"closed","template":"temp-full-width.php","meta":{"footnotes":""},"class_list":["post-3416","page","type-page","status-publish","hentry"],"_links":{"self":[{"href":"https:\/\/www.airvision.be\/fr\/wp-json\/wp\/v2\/pages\/3416","targetHints":{"allow":["GET"]}}],"collection":[{"href":"https:\/\/www.airvision.be\/fr\/wp-json\/wp\/v2\/pages"}],"about":[{"href":"https:\/\/www.airvision.be\/fr\/wp-json\/wp\/v2\/types\/page"}],"author":[{"embeddable":true,"href":"https:\/\/www.airvision.be\/fr\/wp-json\/wp\/v2\/users\/1"}],"replies":[{"embeddable":true,"href":"https:\/\/www.airvision.be\/fr\/wp-json\/wp\/v2\/comments?post=3416"}],"version-history":[{"count":34,"href":"https:\/\/www.airvision.be\/fr\/wp-json\/wp\/v2\/pages\/3416\/revisions"}],"predecessor-version":[{"id":4976,"href":"https:\/\/www.airvision.be\/fr\/wp-json\/wp\/v2\/pages\/3416\/revisions\/4976"}],"up":[{"embeddable":true,"href":"https:\/\/www.airvision.be\/fr\/wp-json\/wp\/v2\/pages\/4835"}],"wp:attachment":[{"href":"https:\/\/www.airvision.be\/fr\/wp-json\/wp\/v2\/media?parent=3416"}],"curies":[{"name":"wp","href":"https:\/\/api.w.org\/{rel}","templated":true}]}}