{"id":38,"date":"2017-11-15T09:25:36","date_gmt":"2017-11-15T09:25:36","guid":{"rendered":"http:\/\/ry0xysuxf.preview.infomaniak.website\/?page_id=38"},"modified":"2025-09-04T13:03:21","modified_gmt":"2025-09-04T13:03:21","slug":"accueil","status":"publish","type":"page","link":"https:\/\/www.airvision.be\/fr\/","title":{"rendered":"Accueil"},"content":{"rendered":"\n<h2 class=\"wp-block-heading\">AirVision, la r\u00e9f\u00e9rence en ventilateurs, registres industriels pour gaz et solutions acoustiques.<\/h2>\n\n\n\n<p>AirVision est devenue une r\u00e9f\u00e9rence pour le client industriel dont les process induisent une gestion de l\u2019air. La diversit\u00e9 des technologies est une richesse, nous voulons vous en faire profiter. Vos exigences sont les n\u00f4tres : qualit\u00e9, prix, d\u00e9lai et service. Nous nous engageons \u00e0 les respecter et \u00e0 \u00eatre pour vous un partenaire s\u00e9rieux, professionnel et comp\u00e9titif. Air Vision est certifi\u00e9e\u00a0<a href=\"https:\/\/www.airvision.be\/wp-content\/uploads\/AIRVISION-CERTIFICATION-_ISO-9001_BEAN2_001474-2025.pdf\" target=\"_blank\" rel=\"noreferrer noopener\">ISO 9001<\/a>\u00a0(2015).<\/p>\n","protected":false},"excerpt":{"rendered":"<p>AirVision, la r\u00e9f\u00e9rence en ventilateurs, registres industriels pour gaz et solutions acoustiques. AirVision est devenue une r\u00e9f\u00e9rence pour le client industriel dont les process induisent une gestion de l\u2019air. La [&hellip;]<\/p>\n","protected":false},"author":1,"featured_media":0,"parent":0,"menu_order":31,"comment_status":"closed","ping_status":"closed","template":"","meta":{"footnotes":""},"class_list":["post-38","page","type-page","status-publish","hentry"],"_links":{"self":[{"href":"https:\/\/www.airvision.be\/fr\/wp-json\/wp\/v2\/pages\/38","targetHints":{"allow":["GET"]}}],"collection":[{"href":"https:\/\/www.airvision.be\/fr\/wp-json\/wp\/v2\/pages"}],"about":[{"href":"https:\/\/www.airvision.be\/fr\/wp-json\/wp\/v2\/types\/page"}],"author":[{"embeddable":true,"href":"https:\/\/www.airvision.be\/fr\/wp-json\/wp\/v2\/users\/1"}],"replies":[{"embeddable":true,"href":"https:\/\/www.airvision.be\/fr\/wp-json\/wp\/v2\/comments?post=38"}],"version-history":[{"count":8,"href":"https:\/\/www.airvision.be\/fr\/wp-json\/wp\/v2\/pages\/38\/revisions"}],"predecessor-version":[{"id":6542,"href":"https:\/\/www.airvision.be\/fr\/wp-json\/wp\/v2\/pages\/38\/revisions\/6542"}],"wp:attachment":[{"href":"https:\/\/www.airvision.be\/fr\/wp-json\/wp\/v2\/media?parent=38"}],"curies":[{"name":"wp","href":"https:\/\/api.w.org\/{rel}","templated":true}]}}