{"id":4951,"date":"2023-11-02T11:27:14","date_gmt":"2023-11-02T11:27:14","guid":{"rendered":"https:\/\/www.airvision.be\/?page_id=4951"},"modified":"2024-01-24T09:06:20","modified_gmt":"2024-01-24T09:06:20","slug":"realite-virtuelle","status":"publish","type":"page","link":"https:\/\/www.airvision.be\/fr\/academy\/realite-virtuelle\/","title":{"rendered":"R\u00e9alit\u00e9 virtuelle"},"content":{"rendered":"\n<p>AirVision dispose d&#8217;un show room virtuel sur la plateform Spatial. Vivons cette exp\u00e9rience ensemble : <\/p>\n\n\n\n<h2 class=\"wp-block-heading\">Comment faire : <\/h2>\n\n\n\n<p>Vous disposez d\u00e9j\u00e0 de lunettes de R\u00e9alit\u00e9 Virtuelle et d&#8217;un profil pour aller sur &#8220;Spatial.io&#8221;. Facile. Nous vous envoyons une invitation pour acc\u00e9der \u00e0 notre show room et on s&#8217;y retrouvera ensemble pour toutes les explications sur le ventilateur industriel. Vous pouvez alors proifiter de cette magnifique exp\u00e9rience immersive qui vous permettra de d\u00e9couvrir tous les d\u00e9tails de ces belles machines.<\/p>\n\n\n\n<p>Si vous n&#8217;avez pas de lunettes de R\u00e9alit\u00e9 Virtuelle\u201a il y a 2 options:<\/p>\n\n\n\n<ul class=\"wp-block-list\">\n<li>AirVision dispose de 2 lunettes de R\u00e9alit\u00e9 Virtuelle ce qui nous permettra, lors d&#8217;une visite en vos locaux, de vous faire vivre cette exp\u00e9rience ensemble.<\/li>\n<\/ul>\n\n\n\n<ul class=\"wp-block-list\">\n<li>Une visite du show room est \u00e9galement possible \u00e0 partir de votre PC. Nous pouvons vous envoyer une invitation par acc\u00e9der \u00e0 notre show room mais l&#8217;exp\u00e9rience ne sera pas immersive. Vous pouvez\u201a sur votre \u00e9cran voir notre show room et vous y d\u00e9placer afin de voir tous les d\u00e9tails constitutif du ventilateur. Nous nous ferons un plaisir de vous guider pendant cette exp\u00e9rience. Pour pr\u00e9parer votre visite, vous pouvez visionner les modes de navigation <a href=\"https:\/\/support.spatial.io\/hc\/en-us\/articles\/15363748205076-Moving-Your-Avatar-on-Web\">ici<\/a>.<\/li>\n<\/ul>\n","protected":false},"excerpt":{"rendered":"<p>AirVision dispose d&#8217;un show room virtuel sur la plateform Spatial. Vivons cette exp\u00e9rience ensemble : Comment faire : Vous disposez d\u00e9j\u00e0 de lunettes de R\u00e9alit\u00e9 Virtuelle et d&#8217;un profil pour [&hellip;]<\/p>\n","protected":false},"author":1,"featured_media":0,"parent":4835,"menu_order":0,"comment_status":"closed","ping_status":"closed","template":"","meta":{"footnotes":""},"class_list":["post-4951","page","type-page","status-publish","hentry"],"_links":{"self":[{"href":"https:\/\/www.airvision.be\/fr\/wp-json\/wp\/v2\/pages\/4951","targetHints":{"allow":["GET"]}}],"collection":[{"href":"https:\/\/www.airvision.be\/fr\/wp-json\/wp\/v2\/pages"}],"about":[{"href":"https:\/\/www.airvision.be\/fr\/wp-json\/wp\/v2\/types\/page"}],"author":[{"embeddable":true,"href":"https:\/\/www.airvision.be\/fr\/wp-json\/wp\/v2\/users\/1"}],"replies":[{"embeddable":true,"href":"https:\/\/www.airvision.be\/fr\/wp-json\/wp\/v2\/comments?post=4951"}],"version-history":[{"count":7,"href":"https:\/\/www.airvision.be\/fr\/wp-json\/wp\/v2\/pages\/4951\/revisions"}],"predecessor-version":[{"id":6195,"href":"https:\/\/www.airvision.be\/fr\/wp-json\/wp\/v2\/pages\/4951\/revisions\/6195"}],"up":[{"embeddable":true,"href":"https:\/\/www.airvision.be\/fr\/wp-json\/wp\/v2\/pages\/4835"}],"wp:attachment":[{"href":"https:\/\/www.airvision.be\/fr\/wp-json\/wp\/v2\/media?parent=4951"}],"curies":[{"name":"wp","href":"https:\/\/api.w.org\/{rel}","templated":true}]}}