{"id":4961,"date":"2023-11-02T11:41:52","date_gmt":"2023-11-02T11:41:52","guid":{"rendered":"https:\/\/www.airvision.be\/?page_id=4961"},"modified":"2024-01-24T09:50:08","modified_gmt":"2024-01-24T09:50:08","slug":"3d","status":"publish","type":"page","link":"https:\/\/www.airvision.be\/fr\/academy\/3d\/","title":{"rendered":"3D"},"content":{"rendered":"\n<div class=\"wp-block-buttons is-content-justification-center is-layout-flex wp-container-core-buttons-is-layout-16018d1d wp-block-buttons-is-layout-flex\">\n<div class=\"wp-block-button\"><a class=\"wp-block-button__link wp-element-button\" href=\"https:\/\/www.airvision.be\/3d\/\">Voir la 3D<\/a><\/div>\n<\/div>\n\n\n\n<div style=\"height:27px\" aria-hidden=\"true\" class=\"wp-block-spacer\"><\/div>\n\n\n\n<p>Utilisez notre mod\u00e8le 3D pour comprendre comment un ventilateur est assembl\u00e9. D\u00e9couvrez les parties constituantes en agrandissant le ventilateur. &nbsp;Cet outil nous permettra de vous guider et de vous r\u00e9pondre en d\u00e9tails sur les questions techniques \u00e0 propos du ventilateur industriel.<\/p>\n\n\n\n<ul class=\"wp-block-list\">\n<li>Explorer les diff\u00e9rents arrangements&nbsp;:\n<ul class=\"wp-block-list\">\n<li>4 attaque directe sur le bout d\u2019arbre moteur<\/li>\n\n\n\n<li>8 Accouplement semi \u00e9lastique<\/li>\n\n\n\n<li>12 transmission par poulies et courrois.<\/li>\n<\/ul>\n<\/li>\n\n\n\n<li>Configurez la turbine de votre choix et faite la tourner.<\/li>\n\n\n\n<li>Ajoutez un silencieux rectangulaire ou circulaire \u00e0 l\u2019aspiration.<\/li>\n\n\n\n<li>D\u00e9couvrez les d\u00e9tails et les articles techniques li\u00e9s pour une connaissance plus approfondie du ventilateur industriel en utilisant le mode \u00e9clat\u00e9.<\/li>\n<\/ul>\n\n\n\n<h3 class=\"wp-block-heading\">R\u00e9alit\u00e9 augment\u00e9e<\/h3>\n\n\n\n<p>Avec votre tablette ou votre smartphone vous pouvez \u00e9galement scanner le QR code qui apparait en cliquant sur \u00ab&nbsp;Try out in AR&nbsp;\u00bb. Ceci vous permettra de placer le ventilateur virtuellement sur votre table ou \u00e9tag\u00e8re. Note&nbsp;: Il est pr\u00e9f\u00e9rable d\u2019avoir un fond uni en arri\u00e8re-plan afin de voir tous les d\u00e9tails.<\/p>\n","protected":false},"excerpt":{"rendered":"<p>Utilisez notre mod\u00e8le 3D pour comprendre comment un ventilateur est assembl\u00e9. D\u00e9couvrez les parties constituantes en agrandissant le ventilateur. &nbsp;Cet outil nous permettra de vous guider et de vous r\u00e9pondre [&hellip;]<\/p>\n","protected":false},"author":1,"featured_media":0,"parent":4835,"menu_order":0,"comment_status":"closed","ping_status":"closed","template":"","meta":{"footnotes":""},"class_list":["post-4961","page","type-page","status-publish","hentry"],"_links":{"self":[{"href":"https:\/\/www.airvision.be\/fr\/wp-json\/wp\/v2\/pages\/4961","targetHints":{"allow":["GET"]}}],"collection":[{"href":"https:\/\/www.airvision.be\/fr\/wp-json\/wp\/v2\/pages"}],"about":[{"href":"https:\/\/www.airvision.be\/fr\/wp-json\/wp\/v2\/types\/page"}],"author":[{"embeddable":true,"href":"https:\/\/www.airvision.be\/fr\/wp-json\/wp\/v2\/users\/1"}],"replies":[{"embeddable":true,"href":"https:\/\/www.airvision.be\/fr\/wp-json\/wp\/v2\/comments?post=4961"}],"version-history":[{"count":13,"href":"https:\/\/www.airvision.be\/fr\/wp-json\/wp\/v2\/pages\/4961\/revisions"}],"predecessor-version":[{"id":6207,"href":"https:\/\/www.airvision.be\/fr\/wp-json\/wp\/v2\/pages\/4961\/revisions\/6207"}],"up":[{"embeddable":true,"href":"https:\/\/www.airvision.be\/fr\/wp-json\/wp\/v2\/pages\/4835"}],"wp:attachment":[{"href":"https:\/\/www.airvision.be\/fr\/wp-json\/wp\/v2\/media?parent=4961"}],"curies":[{"name":"wp","href":"https:\/\/api.w.org\/{rel}","templated":true}]}}