{"id":4685,"date":"2023-08-03T15:26:02","date_gmt":"2023-08-03T15:26:02","guid":{"rendered":"https:\/\/www.airvision.be\/?post_type=product&#038;p=4685"},"modified":"2023-12-14T09:24:04","modified_gmt":"2023-12-14T09:24:04","slug":"stranich","status":"publish","type":"product","link":"https:\/\/www.airvision.be\/fr\/product\/stranich\/","title":{"rendered":"STRANICH, quand le ventilateur standard ne suffit pas\u2026 !"},"content":{"rendered":"<p>La gamme de produits est diversifi\u00e9e et comprend des \u00e9quipements de contr\u00f4le de processus, des \u00e9quipements pour la r\u00e9duction des \u00e9missions de poussi\u00e8re, des syst\u00e8mes de nettoyage et de transport pneumatiques, des ventilateurs centrifuges pour applications lourdes, des soufflantes multicellulaires \u00e0 haute t\u00eate, des ventilateurs axiaux, des silencieux, des amortisseurs et des guillotines.<\/p>\n<p><a href=\"https:\/\/www.airvision.be\/wp-content\/uploads\/AIRVISION-BROCHURE-STRANICH-FR.pdf\" target=\"_blank\" rel=\"noopener\">Pr\u00e9sentation Stranich<\/a><\/p>\n<p>&nbsp;<\/p>\n\n\t\t<style type=\"text\/css\">\n\t\t\t#gallery-1 {\n\t\t\t\tmargin: auto;\n\t\t\t}\n\t\t\t#gallery-1 .gallery-item {\n\t\t\t\tfloat: left;\n\t\t\t\tmargin-top: 10px;\n\t\t\t\ttext-align: center;\n\t\t\t\twidth: 20%;\n\t\t\t}\n\t\t\t#gallery-1 img {\n\t\t\t\tborder: 2px solid #cfcfcf;\n\t\t\t}\n\t\t\t#gallery-1 .gallery-caption {\n\t\t\t\tmargin-left: 0;\n\t\t\t}\n\t\t\t\/* see gallery_shortcode() in wp-includes\/media.php *\/\n\t\t<\/style>\n\t\t<div id='gallery-1' class='gallery galleryid-4685 gallery-columns-5 gallery-size-thumbnail'><dl class='gallery-item'>\n\t\t\t<dt class='gallery-icon landscape'>\n\t\t\t\t<a href='https:\/\/www.airvision.be\/wp-content\/uploads\/img-1447_1392_l.jpg'><img loading=\"lazy\" decoding=\"async\" width=\"150\" height=\"150\" src=\"https:\/\/www.airvision.be\/wp-content\/uploads\/img-1447_1392_l-150x150.jpg\" class=\"attachment-thumbnail size-thumbnail\" alt=\"\" srcset=\"https:\/\/www.airvision.be\/wp-content\/uploads\/img-1447_1392_l-150x150.jpg 150w, https:\/\/www.airvision.be\/wp-content\/uploads\/img-1447_1392_l-60x60.jpg 60w\" sizes=\"auto, (max-width: 150px) 100vw, 150px\" \/><\/a>\n\t\t\t<\/dt><\/dl><dl class='gallery-item'>\n\t\t\t<dt class='gallery-icon landscape'>\n\t\t\t\t<a href='https:\/\/www.airvision.be\/wp-content\/uploads\/img-0057-elaborata_1400_l.jpg'><img loading=\"lazy\" decoding=\"async\" width=\"150\" height=\"150\" src=\"https:\/\/www.airvision.be\/wp-content\/uploads\/img-0057-elaborata_1400_l-150x150.jpg\" class=\"attachment-thumbnail size-thumbnail\" alt=\"\" srcset=\"https:\/\/www.airvision.be\/wp-content\/uploads\/img-0057-elaborata_1400_l-150x150.jpg 150w, https:\/\/www.airvision.be\/wp-content\/uploads\/img-0057-elaborata_1400_l-60x60.jpg 60w\" sizes=\"auto, (max-width: 150px) 100vw, 150px\" \/><\/a>\n\t\t\t<\/dt><\/dl><dl class='gallery-item'>\n\t\t\t<dt class='gallery-icon landscape'>\n\t\t\t\t<a href='https:\/\/www.airvision.be\/wp-content\/uploads\/img-0041-elaborata_800_s.png'><img loading=\"lazy\" decoding=\"async\" width=\"150\" height=\"150\" src=\"https:\/\/www.airvision.be\/wp-content\/uploads\/img-0041-elaborata_800_s-150x150.png\" class=\"attachment-thumbnail size-thumbnail\" alt=\"\" srcset=\"https:\/\/www.airvision.be\/wp-content\/uploads\/img-0041-elaborata_800_s-150x150.png 150w, https:\/\/www.airvision.be\/wp-content\/uploads\/img-0041-elaborata_800_s-60x60.png 60w\" sizes=\"auto, (max-width: 150px) 100vw, 150px\" \/><\/a>\n\t\t\t<\/dt><\/dl><dl class='gallery-item'>\n\t\t\t<dt class='gallery-icon landscape'>\n\t\t\t\t<a href='https:\/\/www.airvision.be\/wp-content\/uploads\/sck-0109-copia-1389-s_1389_s.png'><img loading=\"lazy\" decoding=\"async\" width=\"150\" height=\"150\" src=\"https:\/\/www.airvision.be\/wp-content\/uploads\/sck-0109-copia-1389-s_1389_s-150x150.png\" class=\"attachment-thumbnail size-thumbnail\" alt=\"\" srcset=\"https:\/\/www.airvision.be\/wp-content\/uploads\/sck-0109-copia-1389-s_1389_s-150x150.png 150w, https:\/\/www.airvision.be\/wp-content\/uploads\/sck-0109-copia-1389-s_1389_s-60x60.png 60w\" sizes=\"auto, (max-width: 150px) 100vw, 150px\" \/><\/a>\n\t\t\t<\/dt><\/dl>\n\t\t\t<br style='clear: both' \/>\n\t\t<\/div>\n\n<p>&nbsp;<\/p>\n","protected":false},"excerpt":{"rendered":"<p>La gamme de produits est diversifi\u00e9e et comprend des \u00e9quipements de contr\u00f4le de processus, des \u00e9quipements pour la r\u00e9duction des \u00e9missions de poussi\u00e8re, des syst\u00e8mes de nettoyage et de transport [&hellip;]<\/p>\n","protected":false},"featured_media":4673,"template":"","type-of-product":[15],"class_list":["post-4685","product","type-product","status-publish","has-post-thumbnail","hentry","type-of-product-ventilateurs-process-industriels"],"_links":{"self":[{"href":"https:\/\/www.airvision.be\/fr\/wp-json\/wp\/v2\/product\/4685","targetHints":{"allow":["GET"]}}],"collection":[{"href":"https:\/\/www.airvision.be\/fr\/wp-json\/wp\/v2\/product"}],"about":[{"href":"https:\/\/www.airvision.be\/fr\/wp-json\/wp\/v2\/types\/product"}],"version-history":[{"count":7,"href":"https:\/\/www.airvision.be\/fr\/wp-json\/wp\/v2\/product\/4685\/revisions"}],"predecessor-version":[{"id":5989,"href":"https:\/\/www.airvision.be\/fr\/wp-json\/wp\/v2\/product\/4685\/revisions\/5989"}],"wp:featuredmedia":[{"embeddable":true,"href":"https:\/\/www.airvision.be\/fr\/wp-json\/wp\/v2\/media\/4673"}],"wp:attachment":[{"href":"https:\/\/www.airvision.be\/fr\/wp-json\/wp\/v2\/media?parent=4685"}],"wp:term":[{"taxonomy":"type-of-product","embeddable":true,"href":"https:\/\/www.airvision.be\/fr\/wp-json\/wp\/v2\/type-of-product?post=4685"}],"curies":[{"name":"wp","href":"https:\/\/api.w.org\/{rel}","templated":true}]}}