{"id":615,"date":"2017-11-23T11:05:24","date_gmt":"2017-11-23T11:05:24","guid":{"rendered":"http:\/\/ry0xysuxf.preview.infomaniak.website\/?post_type=product&#038;p=615"},"modified":"2022-12-14T07:54:46","modified_gmt":"2022-12-14T07:54:46","slug":"acovent-le-maitre-achat-des-ventilateurs-industriels","status":"publish","type":"product","link":"https:\/\/www.airvision.be\/fr\/product\/acovent-le-maitre-achat-des-ventilateurs-industriels\/","title":{"rendered":"Acovent : le ma\u00eetre-achat des ventilateurs industriels"},"content":{"rendered":"<p>Parmi le tr\u00e8s vaste choix de ventilateurs de 0.1 \u00e0 2000 kW qu\u2019elle propose, AirVision puise chez ACOVENT une gamme d\u2019un excellent rapport qualit\u00e9-prix, caract\u00e9ris\u00e9e par une construction robuste, soud\u00e9e, extr\u00eamement flexible et d\u00e9velopp\u00e9e \u00e0 partir d\u2019une base standardis\u00e9e.<\/p>\n<p><a href=\"https:\/\/www.airvision.be\/\/wp-content\/uploads\/AIRVISION-BROCHURE-ACOVENT-FR.pdf\">Pr\u00e9sentation Acovent<\/a><\/p>\n<p>&nbsp;<\/p>\n<h3>CTR-CTA<\/h3>\n<p>Ventilateurs sp\u00e9cialement con\u00e7us pour v\u00e9hiculer de grands d\u00e9bits \u00e0 une basse pression. Disponibles en simple ouie ou double ouies.<br \/>\nD\u00e9bit allant jusqu&#8217;\u00e0 400.000 m\u00b3\/h et une pression jusqu&#8217;\u00e0 3000 Pa.<\/p>\n<p>Turbine <span class=\"su-lightbox\" data-mfp-src=\"https:\/\/www.airvision.be\/wp-content\/uploads\/AirVision-impeller-CTR.jpg\" data-mfp-type=\"image\" data-mobile=\"yes\"><span style=\"text-decoration: underline;\"><strong>CTR<\/strong><\/span><\/span> est constitu\u00e9e de pales arri\u00e8res droites.<br \/>\nTurbine <span class=\"su-lightbox\" data-mfp-src=\"https:\/\/www.airvision.be\/wp-content\/uploads\/AirVision-impeller-CTA.jpg\" data-mfp-type=\"image\" data-mobile=\"yes\"><span style=\"text-decoration: underline;\"><strong>CTA<\/strong><\/span><\/span> est constitu\u00e9e de pales arri\u00e8res courbes aerofoil \u00e0 tr\u00e8s haut rendement.<\/p>\n<p>&nbsp;<\/p>\n<p><img loading=\"lazy\" decoding=\"async\" class=\"wp-image-4239 alignright\" src=\"https:\/\/www.airvision.be\/wp-content\/uploads\/CTA-CTR-Serie-300x200.jpg\" alt=\"\" width=\"447\" height=\"298\" srcset=\"https:\/\/www.airvision.be\/wp-content\/uploads\/CTA-CTR-Serie-300x200.jpg 300w, https:\/\/www.airvision.be\/wp-content\/uploads\/CTA-CTR-Serie.jpg 560w\" sizes=\"auto, (max-width: 447px) 100vw, 447px\" \/><\/p>\n<p>Les ventilateurs de la s\u00e9rie CTA &#8211; CTR sont des ventilateurs centrifuges \u00e0 haut rendement pour basses pressions, \u00e0 pales plates courbes inclin\u00e9es vers l&#8217;arri\u00e8re (CTR) et \u00e0 profil a\u00e9rodynamique (CTA). Ils ont \u00e9t\u00e9 sp\u00e9cialement con\u00e7us pour le transport d&#8217;air propre ou l\u00e9g\u00e8rement poussi\u00e9reux et peuvent fonctionner en simple ou double flux. Ces ventilateurs trouvent leur principale application dans les syst\u00e8mes de climatisation civils, les syst\u00e8mes de d\u00e9poussi\u00e9rage, les cabines de s\u00e9chage, les syst\u00e8mes de peinture, les chaudi\u00e8res et les fours. L&#8217;une des principales caract\u00e9ristiques de ces s\u00e9ries est la construction \u00e9lectrosoud\u00e9e robuste, r\u00e9alis\u00e9e en t\u00f4les \u00e9paisses et renforc\u00e9es selon le besoin, qui garantit un bruit minimal et l&#8217;absence de vibrations et pulsations.<\/p>\n<p>Les ventilateurs de la s\u00e9rie CTA &#8211; CTR sont fabriqu\u00e9s en 24 tailles avec une roue de 318mm \u00e0 2400mm de diam\u00e8tre.\u00a0Tous les ventilateurs sont construits en ex\u00e9cution fixe ; \u00e0 partir de la taille &#8220;150&#8221;, ils sont fournis non assembl\u00e9s avec le bo\u00eetier divis\u00e9 pour permettre le transport.\u00a0Les roues sont \u00e9quilibr\u00e9es statiquement et dynamiquement avec un \u00e9quipement \u00e9lectronique conforme \u00e0 la norme ISO N.1940 Classe G = 2.5.<\/p>\n<p>&nbsp;<\/p>\n<h3>CTC-NFR<\/h3>\n<p>Ventilateurs sp\u00e9cialement con\u00e7us pour v\u00e9hiculer des d\u00e9bits \u00e0 une moyenne pression. Disponible en simple ouie et double ouies pour NFR.<br \/>\nD\u00e9bit allant jusqu&#8217;a 250.000 m\u00b3\/h et une pression jusqu&#8217;a 6000 Pa.<br \/>\nTurbine <span class=\"su-lightbox\" data-mfp-src=\"https:\/\/www.airvision.be\/wp-content\/uploads\/AirVision-impeller-NFL-NFR.jpg\" data-mfp-type=\"image\" data-mobile=\"yes\"><span style=\"text-decoration: underline;\"><strong>NFR<\/strong><\/span><\/span> et <span class=\"su-lightbox\" data-mfp-src=\"https:\/\/www.airvision.be\/wp-content\/uploads\/AirVision-impeller-CTC.jpg\" data-mfp-type=\"image\" data-mobile=\"yes\"><span style=\"text-decoration: underline;\"><strong>CTC<\/strong><\/span><\/span> sont constitu\u00e9es de pales arri\u00e8res courbes.<\/p>\n<p>&nbsp;<\/p>\n<p><img loading=\"lazy\" decoding=\"async\" class=\" wp-image-4249 alignright\" src=\"https:\/\/www.airvision.be\/wp-content\/uploads\/CTC-NFR-NFL-Serie-300x200.jpg\" alt=\"\" width=\"446\" height=\"297\" srcset=\"https:\/\/www.airvision.be\/wp-content\/uploads\/CTC-NFR-NFL-Serie-300x200.jpg 300w, https:\/\/www.airvision.be\/wp-content\/uploads\/CTC-NFR-NFL-Serie-1024x683.jpg 1024w, https:\/\/www.airvision.be\/wp-content\/uploads\/CTC-NFR-NFL-Serie-768x512.jpg 768w, https:\/\/www.airvision.be\/wp-content\/uploads\/CTC-NFR-NFL-Serie-1536x1024.jpg 1536w, https:\/\/www.airvision.be\/wp-content\/uploads\/CTC-NFR-NFL-Serie-2048x1365.jpg 2048w\" sizes=\"auto, (max-width: 446px) 100vw, 446px\" \/><\/p>\n<p>Les ventilateurs de la s\u00e9rie CTC &#8211; NFR &#8211; NFL sont des ventilateurs centrifuges \u00e0 pales courbes inclin\u00e9es vers l&#8217;arri\u00e8re (CTC) ou plates plates inclin\u00e9es vers l&#8217;arri\u00e8re (NFR-NFL) \u00e0 double entr\u00e9e moyenne, sp\u00e9cialement con\u00e7us pour transporter de l&#8217;air propre ou l\u00e9g\u00e8rement poussi\u00e9reux avec des d\u00e9bits allant jusqu&#8217;\u00e0 1 000 000 m3\/h et une pression allant jusqu&#8217;\u00e0 8 000 Pa. Ces ventilateurs trouvent leur principale application dans le transport pneumatique, les rideaux d&#8217;air, les agitateurs de liquide et le refroidissement ou la trempe du verre. Ce qui distingue la s\u00e9rie CTC, c&#8217;est la possibilit\u00e9 de monter sur une spirale deux types diff\u00e9rents de roue, standard ou autonettoyante, en fonction de la quantit\u00e9 de poussi\u00e8re pr\u00e9sente dans le fluide, ce qui permet d&#8217;atteindre les plus hauts niveaux de standardisation et de fonctionnalit\u00e9. Les ventilateurs de la s\u00e9rie CTC &#8211; NFR &#8211; NFL sont construits en 19 tailles avec des roues de 400 mm \u00e0 2500 mm de diam\u00e8tre, \u00e0 partir de la taille 1600, les ventilateurs sont fournis avec une caisse divis\u00e9e en deux ou plusieurs parties pour pouvoir effectuer le transport. Les roues sont \u00e9quilibr\u00e9es statiquement et dynamiquement avec un \u00e9quipement \u00e9lectronique conforme \u00e0 la norme ISO N.1940 Classe G = 2.5.<\/p>\n<p>&nbsp;<\/p>\n<h3>CTD-NFD-NFE<\/h3>\n<p>Ventilateurs sp\u00e9cialement con\u00e7us pour v\u00e9hiculer des d\u00e9bits \u00e0 une haute pression.<br \/>\nD\u00e9bit allant jusqu&#8217;\u00e0 250.000 m\u00b3\/h et un pression jusqu&#8217;\u00e0 17000 Pa.<br \/>\nTurbine <span id=\"result_box\"><span title=\"I ventilatori delle serie CTD - NFD - NFE sono ventilatori centrifughi a pale curve rovesce ad alta pressione sia a semplice che a doppia aspirazione studiati appositamente per convogliare aria pulita o leggermente polverosa con portate fino a 350.000 m3\/h ed una pressione fino a 20.000 Pa\"><span class=\"su-lightbox\" data-mfp-src=\"https:\/\/www.airvision.be\/wp-content\/uploads\/AirVision-impeller-CTD.jpg\" data-mfp-type=\"image\" data-mobile=\"yes\"><span style=\"text-decoration: underline;\"><strong>CTD<\/strong><\/span><\/span><\/span><\/span> &#8211; <span id=\"result_box\"><span title=\"I ventilatori delle serie CTD - NFD - NFE sono ventilatori centrifughi a pale curve rovesce ad alta pressione sia a semplice che a doppia aspirazione studiati appositamente per convogliare aria pulita o leggermente polverosa con portate fino a 350.000 m3\/h ed una pressione fino a 20.000 Pa\"><span class=\"su-lightbox\" data-mfp-src=\"https:\/\/www.airvision.be\/wp-content\/uploads\/AirVision-impeller-NFD.jpg\" data-mfp-type=\"image\" data-mobile=\"yes\"><span style=\"text-decoration: underline;\"><strong>NFD<\/strong><\/span><\/span><\/span><\/span> &#8211; <span id=\"result_box\"><span title=\"I ventilatori delle serie CTD - NFD - NFE sono ventilatori centrifughi a pale curve rovesce ad alta pressione sia a semplice che a doppia aspirazione studiati appositamente per convogliare aria pulita o leggermente polverosa con portate fino a 350.000 m3\/h ed una pressione fino a 20.000 Pa\"><span class=\"su-lightbox\" data-mfp-src=\"https:\/\/www.airvision.be\/wp-content\/uploads\/AirVision-impeller-NFE.jpg\" data-mfp-type=\"image\" data-mobile=\"yes\"><span style=\"text-decoration: underline;\"><strong>NFE<\/strong><\/span><\/span><\/span><\/span> sont constitu\u00e9es de pales arri\u00e8res courbes.<\/p>\n<p>&nbsp;<\/p>\n<p><img loading=\"lazy\" decoding=\"async\" class=\" wp-image-4254 alignright\" src=\"https:\/\/www.airvision.be\/wp-content\/uploads\/CTD-NFD-NFE-Serie-300x225.jpg\" alt=\"\" width=\"442\" height=\"331\" srcset=\"https:\/\/www.airvision.be\/wp-content\/uploads\/CTD-NFD-NFE-Serie-300x225.jpg 300w, https:\/\/www.airvision.be\/wp-content\/uploads\/CTD-NFD-NFE-Serie-768x576.jpg 768w, https:\/\/www.airvision.be\/wp-content\/uploads\/CTD-NFD-NFE-Serie.jpg 1024w\" sizes=\"auto, (max-width: 442px) 100vw, 442px\" \/><\/p>\n<p>Les ventilateurs de la s\u00e9rie CTD &#8211; NFD &#8211; NFE sont des ventilateurs centrifuges haute pression \u00e0 simple et double ou\u00efe avec des pales courbes inclin\u00e9es vers l&#8217;arri\u00e8re, sp\u00e9cialement con\u00e7us pour transporter de l&#8217;air propre ou l\u00e9g\u00e8rement poussi\u00e9reux avec des d\u00e9bits allant jusqu&#8217;\u00e0 350 000 m3\/h et une pression allant jusqu&#8217;\u00e0 20 000 Pa. Ces ventilateurs trouvent leur principale application comme ventilateurs pour l&#8217;air de combustion, le transport pneumatique, les rideaux d&#8217;air, les agitateurs de liquide et le refroidissement ou la trempe du verre. Ce qui distingue la s\u00e9rie CTD, c&#8217;est la possibilit\u00e9 de monter dans une seule volute 2 types diff\u00e9rents de roue, standard ou autonettoyante, en fonction de la quantit\u00e9 de poussi\u00e8re pr\u00e9sente dans le fluide, ce qui permet d&#8217;atteindre les plus hauts niveaux de standardisation et de fonctionnalit\u00e9. L&#8217;une des principales caract\u00e9ristiques de ces s\u00e9ries est la construction soud\u00e9e robuste, r\u00e9alis\u00e9e en t\u00f4le \u00e9paisse et convenablement renforc\u00e9e, qui garantit un bruit minimal et l&#8217;absence de vibrations et de pulsations.<\/p>\n<p>Les ventilateurs de la s\u00e9rie CTD &#8211; NFD &#8211; NFE sont fabriqu\u00e9s en 16 tailles avec des roues de 315 mm \u00e0 2250 mm de diam\u00e8tre. \u00c0 partir de la taille 1600, les ventilateurs sont fournis avec une caisse divis\u00e9e en deux ou plusieurs parties pour le transport. Les roues sont \u00e9quilibr\u00e9es statiquement et dynamiquement avec un \u00e9quipement \u00e9lectronique conform\u00e9ment \u00e0 la norme ISO N.1940 grade G=2.5.<\/p>\n<p>&nbsp;<\/p>\n<h3>NFEA-NFDA-CTT-CTMR<\/h3>\n<p>Ventilateurs sp\u00e9cialement con\u00e7us pour v\u00e9hiculer des volumes d&#8217;air charg\u00e9s en poussi\u00e8res, de fibres ou des mati\u00e8res solides.<br \/>\nD\u00e9bit allant jusqu&#8217;\u00e0 250.000 m\u00b3\/h et un pression jusqu&#8217;\u00e0 10000 Pa.<br \/>\nTurbine NFEA et NFDA sont constitu\u00e9es de pales arri\u00e8res redress\u00e9es.<br \/>\nTurbine <span class=\"su-lightbox\" data-mfp-src=\"https:\/\/www.airvision.be\/wp-content\/uploads\/AirVision-impeller-CTT.jpg\" data-mfp-type=\"image\" data-mobile=\"yes\"><span style=\"text-decoration: underline;\"><strong>CTT<\/strong><\/span><\/span> et <span class=\"su-lightbox\" data-mfp-src=\"https:\/\/www.airvision.be\/wp-content\/uploads\/AirVision-impeller-CTMR.jpg\" data-mfp-type=\"image\" data-mobile=\"yes\"><span style=\"text-decoration: underline;\"><strong>CTMR<\/strong><\/span><\/span> sont des roues \u00e0 pales droites.<\/p>\n<p>&nbsp;<\/p>\n<p><img loading=\"lazy\" decoding=\"async\" class=\" wp-image-4265 alignright\" src=\"https:\/\/www.airvision.be\/wp-content\/uploads\/CTT-CTMR-Serie-300x225.jpg\" alt=\"\" width=\"439\" height=\"329\" srcset=\"https:\/\/www.airvision.be\/wp-content\/uploads\/CTT-CTMR-Serie-300x225.jpg 300w, https:\/\/www.airvision.be\/wp-content\/uploads\/CTT-CTMR-Serie-768x576.jpg 768w, https:\/\/www.airvision.be\/wp-content\/uploads\/CTT-CTMR-Serie.jpg 1024w\" sizes=\"auto, (max-width: 439px) 100vw, 439px\" \/><\/p>\n<p>Les ventilateurs de la s\u00e9rie CTT &#8211; CTMR sont des ventilateurs centrifuges \u00e0 pales radiales (avec ou sans c\u00f4ne) sp\u00e9cialement con\u00e7us pour transporter de l&#8217;air ou des gaz contenant des poussi\u00e8res, des mat\u00e9riaux granuleux et des fibres longues. Ces ventilateurs trouvent leur principale application dans les syst\u00e8mes de d\u00e9poussi\u00e9rage, pour l&#8217;aspiration des fum\u00e9es ou des vapeurs d&#8217;acide. La s\u00e9rie CTT &#8211; CTMR se distingue par la possibilit\u00e9 de monter trois types diff\u00e9rents de roue dans une seule volute, ce qui permet d&#8217;atteindre les plus hauts niveaux de standardisation et de fonctionnalit\u00e9. L&#8217;une des principales caract\u00e9ristiques de ces s\u00e9ries est la construction soud\u00e9e robuste, r\u00e9alis\u00e9e en t\u00f4le \u00e9paisse et convenablement renforc\u00e9e, qui garantit un bruit minimal et l&#8217;absence de vibrations et de pulsations.<\/p>\n<p>Les s\u00e9ries de ventilateurs CTT &#8211; CTMR sont construites en 16 tailles avec des roues de 400mm \u00e0 2250mm de diam\u00e8tre. Tous les ventilateurs sont construits en ex\u00e9cution fixe. \u00c0 partir de la taille &#8220;1600&#8221;, les ventilateurs sont livr\u00e9s avec un bo\u00eetier divis\u00e9 pour le transport. Les roues sont \u00e9quilibr\u00e9es statiquement et dynamiquement avec un \u00e9quipement \u00e9lectronique conform\u00e9ment \u00e0 la norme ISO n\u00b0 1940, grade G=2,5.<\/p>\n","protected":false},"excerpt":{"rendered":"<p>Parmi le tr\u00e8s vaste choix de ventilateurs de 0.1 \u00e0 2000 kW qu\u2019elle propose, AirVision puise chez ACOVENT une gamme d\u2019un excellent rapport qualit\u00e9-prix, caract\u00e9ris\u00e9e par une construction robuste, soud\u00e9e, extr\u00eamement flexible et d\u00e9velopp\u00e9e \u00e0 partir d\u2019une base standardis\u00e9e.<\/p>\n","protected":false},"featured_media":798,"template":"","type-of-product":[15],"class_list":["post-615","product","type-product","status-publish","has-post-thumbnail","hentry","type-of-product-ventilateurs-process-industriels"],"_links":{"self":[{"href":"https:\/\/www.airvision.be\/fr\/wp-json\/wp\/v2\/product\/615","targetHints":{"allow":["GET"]}}],"collection":[{"href":"https:\/\/www.airvision.be\/fr\/wp-json\/wp\/v2\/product"}],"about":[{"href":"https:\/\/www.airvision.be\/fr\/wp-json\/wp\/v2\/types\/product"}],"version-history":[{"count":16,"href":"https:\/\/www.airvision.be\/fr\/wp-json\/wp\/v2\/product\/615\/revisions"}],"predecessor-version":[{"id":4534,"href":"https:\/\/www.airvision.be\/fr\/wp-json\/wp\/v2\/product\/615\/revisions\/4534"}],"wp:featuredmedia":[{"embeddable":true,"href":"https:\/\/www.airvision.be\/fr\/wp-json\/wp\/v2\/media\/798"}],"wp:attachment":[{"href":"https:\/\/www.airvision.be\/fr\/wp-json\/wp\/v2\/media?parent=615"}],"wp:term":[{"taxonomy":"type-of-product","embeddable":true,"href":"https:\/\/www.airvision.be\/fr\/wp-json\/wp\/v2\/type-of-product?post=615"}],"curies":[{"name":"wp","href":"https:\/\/api.w.org\/{rel}","templated":true}]}}