{"id":621,"date":"2018-01-09T09:42:44","date_gmt":"2018-01-09T09:42:44","guid":{"rendered":"http:\/\/ry0xysuxf.preview.infomaniak.website\/?post_type=product&#038;p=621"},"modified":"2022-12-20T12:14:44","modified_gmt":"2022-12-20T12:14:44","slug":"ventilateurs-europ-plast","status":"publish","type":"product","link":"https:\/\/www.airvision.be\/fr\/product\/ventilateurs-europ-plast\/","title":{"rendered":"Ventilateurs Plastiques Europ-Plast"},"content":{"rendered":"<p>Une gamme compl\u00e8te de ventilateurs industriels en mati\u00e8re synth\u00e9tique, PP,PE, PPs, PVC,PPsel, PE EL.<\/p>\n<h2><img loading=\"lazy\" decoding=\"async\" class=\"alignright wp-image-432\" src=\"https:\/\/www.airvision.be\/\/wp-content\/uploads\/VCPL-117x150.jpg\" alt=\"\" width=\"86\" height=\"110\" srcset=\"https:\/\/www.airvision.be\/wp-content\/uploads\/VCPL-117x150.jpg 117w, https:\/\/www.airvision.be\/wp-content\/uploads\/VCPL-234x300.jpg 234w, https:\/\/www.airvision.be\/wp-content\/uploads\/VCPL.jpg 357w\" sizes=\"auto, (max-width: 86px) 100vw, 86px\" \/>VCPL<\/h2>\n<p><a href=\"https:\/\/www.airvision.be\/\/wp-content\/uploads\/Catalogue-VCPL-2008.pdf\">Catalogue VCPL<\/a><\/p>\n<p>&nbsp;<\/p>\n<h2><img loading=\"lazy\" decoding=\"async\" class=\"alignright wp-image-433\" src=\"https:\/\/www.airvision.be\/\/wp-content\/uploads\/Ventilateurs-plastiques-150x113.jpg\" alt=\"\" width=\"156\" height=\"117\" \/><\/h2>\n<h2>VCPA<\/h2>\n<p><a href=\"https:\/\/www.airvision.be\/\/wp-content\/uploads\/Catalogue-VCPA-2008.pdf\">Catalogue VCP<\/a><\/p>\n<p>&nbsp;<\/p>\n<h2><img loading=\"lazy\" decoding=\"async\" class=\"alignright wp-image-434\" src=\"https:\/\/www.airvision.be\/\/wp-content\/uploads\/07-150x150.jpg\" alt=\"\" width=\"114\" height=\"114\" srcset=\"https:\/\/www.airvision.be\/wp-content\/uploads\/07-150x150.jpg 150w, https:\/\/www.airvision.be\/wp-content\/uploads\/07.jpg 222w\" sizes=\"auto, (max-width: 114px) 100vw, 114px\" \/><\/h2>\n<h2>VCP<\/h2>\n<p><a href=\"https:\/\/www.airvision.be\/\/wp-content\/uploads\/Catalogue-VCP-2008.pdf\">Catalogue VCP<\/a><\/p>\n<p>&nbsp;<\/p>\n<h2><img loading=\"lazy\" decoding=\"async\" class=\"alignright wp-image-435\" src=\"https:\/\/www.airvision.be\/\/wp-content\/uploads\/VCP-HP-Fond-Blanc-1-150x135.gif\" alt=\"\" width=\"129\" height=\"116\" srcset=\"https:\/\/www.airvision.be\/wp-content\/uploads\/VCP-HP-Fond-Blanc-1-150x135.gif 150w, https:\/\/www.airvision.be\/wp-content\/uploads\/VCP-HP-Fond-Blanc-1-300x271.gif 300w\" sizes=\"auto, (max-width: 129px) 100vw, 129px\" \/><\/h2>\n<h2>VCPHP<\/h2>\n<p><a href=\"https:\/\/www.airvision.be\/\/wp-content\/uploads\/Catalogue-VCPHP-2008.pdf\">Catalogue VCP HP<\/a><\/p>\n<p>&nbsp;<\/p>\n<h2><img loading=\"lazy\" decoding=\"async\" class=\"alignright wp-image-436\" src=\"https:\/\/www.airvision.be\/\/wp-content\/uploads\/VAT-2-Fond-Blanc-114x150.gif\" alt=\"\" width=\"89\" height=\"117\" \/><\/h2>\n<h2>VAT<\/h2>\n<p><a href=\"https:\/\/www.airvision.be\/\/wp-content\/uploads\/Catalogue-VAT-2008.pdf\">Catalogue VAT<\/a><\/p>\n<p>&nbsp;<\/p>\n<h2>VPH V\/T\/P<img loading=\"lazy\" decoding=\"async\" class=\" wp-image-3987 alignright\" style=\"font-size: 16px;\" src=\"https:\/\/www.airvision.be\/wp-content\/uploads\/VPH-P-450-300x232.jpg\" alt=\"\" width=\"150\" height=\"116\" srcset=\"https:\/\/www.airvision.be\/wp-content\/uploads\/VPH-P-450-300x232.jpg 300w, https:\/\/www.airvision.be\/wp-content\/uploads\/VPH-P-450-1024x791.jpg 1024w, https:\/\/www.airvision.be\/wp-content\/uploads\/VPH-P-450-768x593.jpg 768w, https:\/\/www.airvision.be\/wp-content\/uploads\/VPH-P-450-1536x1187.jpg 1536w, https:\/\/www.airvision.be\/wp-content\/uploads\/VPH-P-450.jpg 1584w\" sizes=\"auto, (max-width: 150px) 100vw, 150px\" \/><\/h2>\n<p><a href=\"https:\/\/www.airvision.be\/wp-content\/uploads\/AirVision-VPH-Documentation-FR.pdf\">Catalogue VPH V\/T\/P<\/a><\/p>\n","protected":false},"excerpt":{"rendered":"<p>Une gamme compl\u00e8te de ventilateurs industriels en mati\u00e8re synth\u00e9tique, PP,PE, PPs, PVC,PPsel, PE EL.<\/p>\n","protected":false},"featured_media":435,"template":"","type-of-product":[16,15],"class_list":["post-621","product","type-product","status-publish","has-post-thumbnail","hentry","type-of-product-ventilateur-ventilation-generale","type-of-product-ventilateurs-process-industriels"],"_links":{"self":[{"href":"https:\/\/www.airvision.be\/fr\/wp-json\/wp\/v2\/product\/621","targetHints":{"allow":["GET"]}}],"collection":[{"href":"https:\/\/www.airvision.be\/fr\/wp-json\/wp\/v2\/product"}],"about":[{"href":"https:\/\/www.airvision.be\/fr\/wp-json\/wp\/v2\/types\/product"}],"version-history":[{"count":11,"href":"https:\/\/www.airvision.be\/fr\/wp-json\/wp\/v2\/product\/621\/revisions"}],"predecessor-version":[{"id":4553,"href":"https:\/\/www.airvision.be\/fr\/wp-json\/wp\/v2\/product\/621\/revisions\/4553"}],"wp:featuredmedia":[{"embeddable":true,"href":"https:\/\/www.airvision.be\/fr\/wp-json\/wp\/v2\/media\/435"}],"wp:attachment":[{"href":"https:\/\/www.airvision.be\/fr\/wp-json\/wp\/v2\/media?parent=621"}],"wp:term":[{"taxonomy":"type-of-product","embeddable":true,"href":"https:\/\/www.airvision.be\/fr\/wp-json\/wp\/v2\/type-of-product?post=621"}],"curies":[{"name":"wp","href":"https:\/\/api.w.org\/{rel}","templated":true}]}}