{"id":622,"date":"2018-01-09T09:37:48","date_gmt":"2018-01-09T09:37:48","guid":{"rendered":"http:\/\/ry0xysuxf.preview.infomaniak.website\/?post_type=product&#038;p=622"},"modified":"2022-12-20T13:41:44","modified_gmt":"2022-12-20T13:41:44","slug":"soufflantes-a-canal-lateral","status":"publish","type":"product","link":"https:\/\/www.airvision.be\/fr\/product\/soufflantes-a-canal-lateral\/","title":{"rendered":"Soufflantes \u00e0 canal lat\u00e9ral"},"content":{"rendered":"<h2><img loading=\"lazy\" decoding=\"async\" class=\"alignright size-full wp-image-111\" src=\"https:\/\/www.airvision.be\/\/wp-content\/uploads\/5.gif\" alt=\"\" width=\"90\" height=\"70\" \/>Documentation Side channel blowers<\/h2>\n<p><a href=\"https:\/\/www.airvision.be\/\/wp-content\/uploads\/Zijkanaalventilatoren-Soufflantes-AIR-VISION-1.pdf\">Documentation Soufflantes<\/a><\/p>\n<p>&nbsp;<\/p>\n<h2><img loading=\"lazy\" decoding=\"async\" class=\"alignright size-thumbnail wp-image-112\" src=\"https:\/\/www.airvision.be\/\/wp-content\/uploads\/AIR-VISION-MICO-blowers-150x109.jpg\" alt=\"\" width=\"150\" height=\"109\" srcset=\"https:\/\/www.airvision.be\/wp-content\/uploads\/AIR-VISION-MICO-blowers-150x109.jpg 150w, https:\/\/www.airvision.be\/wp-content\/uploads\/AIR-VISION-MICO-blowers-300x218.jpg 300w, https:\/\/www.airvision.be\/wp-content\/uploads\/AIR-VISION-MICO-blowers.jpg 633w\" sizes=\"auto, (max-width: 150px) 100vw, 150px\" \/>Documentation \u00e0 multi-\u00e9tages<\/h2>\n<p><a class=\"button\" href=\"https:\/\/www.airvision.be\/\/fr\/contact\/\">sur demande<\/a><\/p>\n","protected":false},"excerpt":{"rendered":"<p>Soufflantes \u00e0 canal lat\u00e9ral et \u00e0 multi-\u00e9tages.<\/p>\n","protected":false},"featured_media":112,"template":"","type-of-product":[15],"class_list":["post-622","product","type-product","status-publish","has-post-thumbnail","hentry","type-of-product-ventilateurs-process-industriels"],"_links":{"self":[{"href":"https:\/\/www.airvision.be\/fr\/wp-json\/wp\/v2\/product\/622","targetHints":{"allow":["GET"]}}],"collection":[{"href":"https:\/\/www.airvision.be\/fr\/wp-json\/wp\/v2\/product"}],"about":[{"href":"https:\/\/www.airvision.be\/fr\/wp-json\/wp\/v2\/types\/product"}],"version-history":[{"count":4,"href":"https:\/\/www.airvision.be\/fr\/wp-json\/wp\/v2\/product\/622\/revisions"}],"predecessor-version":[{"id":4572,"href":"https:\/\/www.airvision.be\/fr\/wp-json\/wp\/v2\/product\/622\/revisions\/4572"}],"wp:featuredmedia":[{"embeddable":true,"href":"https:\/\/www.airvision.be\/fr\/wp-json\/wp\/v2\/media\/112"}],"wp:attachment":[{"href":"https:\/\/www.airvision.be\/fr\/wp-json\/wp\/v2\/media?parent=622"}],"wp:term":[{"taxonomy":"type-of-product","embeddable":true,"href":"https:\/\/www.airvision.be\/fr\/wp-json\/wp\/v2\/type-of-product?post=622"}],"curies":[{"name":"wp","href":"https:\/\/api.w.org\/{rel}","templated":true}]}}