{"id":623,"date":"2017-11-30T10:42:22","date_gmt":"2017-11-30T10:42:22","guid":{"rendered":"http:\/\/ry0xysuxf.preview.infomaniak.website\/?post_type=product&#038;p=623"},"modified":"2026-03-18T12:18:59","modified_gmt":"2026-03-18T12:18:59","slug":"ventilateurs-pour-ventilation-de-batiment-et-hvac-2","status":"publish","type":"product","link":"https:\/\/www.airvision.be\/fr\/product\/ventilateurs-pour-ventilation-de-batiment-et-hvac-2\/","title":{"rendered":"Ventilateurs centrifuges Standards Sodeca"},"content":{"rendered":"<p>Une gamme compl\u00e8te de ventilateurs centrifuges standards pour la ventilation industrielle pour des pressions allant jusqu&#8217;\u00e0 1600 mmCE.<\/p>\n<h2>Ventilateurs Centrifuges<\/h2>\n<h3>CRL &#8211; Basse Pression<img loading=\"lazy\" decoding=\"async\" class=\" wp-image-3895 alignright\" src=\"https:\/\/www.airvision.be\/wp-content\/uploads\/CRL.png\" alt=\"\" width=\"167\" height=\"167\" srcset=\"https:\/\/www.airvision.be\/wp-content\/uploads\/CRL.png 200w, https:\/\/www.airvision.be\/wp-content\/uploads\/CRL-150x150.png 150w, https:\/\/www.airvision.be\/wp-content\/uploads\/CRL-60x60.png 60w\" sizes=\"auto, (max-width: 167px) 100vw, 167px\" \/><\/h3>\n<p>Ventilateurs centrifuges de d\u00e9bit de 1.350 \u00e0 12.080 m\u00b3\/h.<\/p>\n<p>Enveloppe en t\u00f4le d&#8217;acier et turbine \u00e0 aubes \u00e0 r\u00e9action en t\u00f4le d&#8217;acier, pour temp\u00e9rature maximale de 120\u00b0C. Moteurs IE3 de classe F avec roulements \u00e0 billes et protection IP55, monophas\u00e9s ou triphas\u00e9s, 2-4 p\u00f4les. Finition en r\u00e9sine de polyester polym\u00e9ris\u00e9e \u00e0 190\u00b0C avec des propri\u00e9t\u00e9s anticorrosives, comprenant un d\u00e9graissage pr\u00e9alable avec traitement nanotechnologique sans phosphates.<\/p>\n<p><a href=\"https:\/\/www.airvision.be\/wp-content\/uploads\/SE23_CRL_2021EN.pdf\" target=\"_blank\" rel=\"noopener\">Documentation CRL<\/a><\/p>\n<h3>CMR &#8211; Basse &amp; Moyenne Pression<\/h3>\n<h3><img loading=\"lazy\" decoding=\"async\" class=\" wp-image-3899 alignright\" src=\"https:\/\/www.airvision.be\/wp-content\/uploads\/CMR.png\" alt=\"\" width=\"175\" height=\"175\" srcset=\"https:\/\/www.airvision.be\/wp-content\/uploads\/CMR.png 200w, https:\/\/www.airvision.be\/wp-content\/uploads\/CMR-150x150.png 150w, https:\/\/www.airvision.be\/wp-content\/uploads\/CMR-60x60.png 60w\" sizes=\"auto, (max-width: 175px) 100vw, 175px\" \/><\/h3>\n<p>Ventilateurs centrifuges de d\u00e9bit de 5.160 \u00e0 75.000 m\u00b3\/h.<\/p>\n<p>Enveloppe en t\u00f4le d&#8217;acier et turbine \u00e0 aubes \u00e0 r\u00e9action en t\u00f4le d&#8217;acier, pour temp\u00e9rature maximale de 120\u00b0C. Moteurs IE3 de classe F avec roulements \u00e0 billes et protection IP55, triphas\u00e9s, 2-4-6 p\u00f4les. Finition en r\u00e9sine de polyester polym\u00e9ris\u00e9e \u00e0 190\u00b0C avec des propri\u00e9t\u00e9s anticorrosives, comprenant un d\u00e9graissage pr\u00e9alable avec traitement nanotechnologique sans phosphates.<\/p>\n<p><a href=\"https:\/\/www.airvision.be\/wp-content\/uploads\/SE23_CMR_2021EN.pdf\" target=\"_blank\" rel=\"noopener\">Documentation CMR<\/a><\/p>\n<h3>CMP &#8211; Moyenne Pression<\/h3>\n<h3><img loading=\"lazy\" decoding=\"async\" class=\"wp-image-3892 alignright\" src=\"https:\/\/www.airvision.be\/wp-content\/uploads\/CMP.png\" alt=\"\" width=\"170\" height=\"170\" srcset=\"https:\/\/www.airvision.be\/wp-content\/uploads\/CMP.png 200w, https:\/\/www.airvision.be\/wp-content\/uploads\/CMP-150x150.png 150w, https:\/\/www.airvision.be\/wp-content\/uploads\/CMP-60x60.png 60w\" sizes=\"auto, (max-width: 170px) 100vw, 170px\" \/><\/h3>\n<p>Ventilateurs centrifuges de d\u00e9bit de 135 \u00e0 21.000 m\u00b3\/h.<\/p>\n<p>Enveloppe en t\u00f4le d&#8217;acier et turbine \u00e0 aubes inclin\u00e9es vers l&#8217;avant en t\u00f4le d&#8217;acier galvanis\u00e9, pour temp\u00e9rature maximale de 120\u00b0C. Moteurs IE3 de classe F avec roulements \u00e0 billes et protection IP55, monophas\u00e9s ou triphas\u00e9s, 2-4-6 p\u00f4les. Finition en r\u00e9sine de polyester polym\u00e9ris\u00e9e \u00e0 190\u00b0C avec des propri\u00e9t\u00e9s anticorrosives, comprenant un d\u00e9graissage pr\u00e9alable avec traitement nanotechnologique sans phosphates.<\/p>\n<p><a href=\"https:\/\/www.airvision.be\/wp-content\/uploads\/SE23_CMP_2021EN.pdf\" target=\"_blank\" rel=\"noopener\">Documentation CMP<\/a><\/p>\n<h3>CMA &#8211; Moyenne &amp; Haute Pression<\/h3>\n<h3><img loading=\"lazy\" decoding=\"async\" class=\"alignright wp-image-638 \" src=\"https:\/\/www.airvision.be\/\/wp-content\/uploads\/CMA-standard-150x150.jpg\" alt=\"\" width=\"173\" height=\"173\" srcset=\"https:\/\/www.airvision.be\/wp-content\/uploads\/CMA-standard-150x150.jpg 150w, https:\/\/www.airvision.be\/wp-content\/uploads\/CMA-standard.jpg 200w\" sizes=\"auto, (max-width: 173px) 100vw, 173px\" \/><\/h3>\n<p>Ventilateurs centrifuges de d\u00e9bit de 265 \u00e0 3.550 m\u00b3\/h.<\/p>\n<p>Enveloppe et turbine en fonte d&#8217;aluminium, pour temp\u00e9rature maximale de 120\u00b0C. Moteurs IE3 de classe F avec roulements \u00e0 billes et protection IP55, monophas\u00e9s ou triphas\u00e9s, 2 p\u00f4les. Finition en r\u00e9sine de polyester polym\u00e9ris\u00e9e \u00e0 190\u00b0C avec des propri\u00e9t\u00e9s anticorrosives, comprenant un d\u00e9graissage pr\u00e9alable avec traitement nanotechnologique sans phosphates.<\/p>\n<p><a href=\"https:\/\/www.airvision.be\/wp-content\/uploads\/SE23_CMA_2021EN.pdf\" target=\"_blank\" rel=\"noopener\">Documentation CMA<\/a><\/p>\n<h3>CAM &#8211; Haute Pression<\/h3>\n<h3><img loading=\"lazy\" decoding=\"async\" class=\" wp-image-3902 alignright\" src=\"https:\/\/www.airvision.be\/wp-content\/uploads\/CAM.png\" alt=\"\" width=\"180\" height=\"180\" srcset=\"https:\/\/www.airvision.be\/wp-content\/uploads\/CAM.png 200w, https:\/\/www.airvision.be\/wp-content\/uploads\/CAM-150x150.png 150w, https:\/\/www.airvision.be\/wp-content\/uploads\/CAM-60x60.png 60w\" sizes=\"auto, (max-width: 180px) 100vw, 180px\" \/><\/h3>\n<p>Ventilateurs centrifuges de d\u00e9bit de 2.430 \u00e0 11.390 m\u00b3\/h.<\/p>\n<p>Enveloppe en t\u00f4le d&#8217;acier et turbine en fonte d&#8217;aluminium (t\u00f4le d&#8217;acier pour mod\u00e8les 752, 880, 980), pour temp\u00e9rature maximale de 120\u00b0C. Moteurs IE3 de classe F avec roulements \u00e0 billes et protection IP55, triphas\u00e9s, 2 p\u00f4les. Finition en r\u00e9sine de polyester polym\u00e9ris\u00e9e \u00e0 190\u00b0C avec des propri\u00e9t\u00e9s anticorrosives, comprenant un d\u00e9graissage pr\u00e9alable avec traitement nanotechnologique sans phosphates.<\/p>\n<p><a href=\"https:\/\/www.airvision.be\/wp-content\/uploads\/CAM_EN_v2.pdf\" target=\"_blank\" rel=\"noopener\">Documentation CAM<\/a><\/p>\n<h3>CAS &#8211; CAS-S\u00a0&#8211; Haute Pression<\/h3>\n<h3><img loading=\"lazy\" decoding=\"async\" class=\"wp-image-4115 alignright\" src=\"https:\/\/www.airvision.be\/wp-content\/uploads\/CAS_CAS-S-1-147x300.png\" alt=\"\" width=\"132\" height=\"269\" srcset=\"https:\/\/www.airvision.be\/wp-content\/uploads\/CAS_CAS-S-1-147x300.png 147w, https:\/\/www.airvision.be\/wp-content\/uploads\/CAS_CAS-S-1.png 200w\" sizes=\"auto, (max-width: 132px) 100vw, 132px\" \/><\/h3>\n<p>Ventilateurs centrifuges de d\u00e9bit de 450 \u00e0 42.600 m\u00b3\/h.<\/p>\n<p>Enveloppe en t\u00f4le d&#8217;acier et turbine \u00e0 aubes inclin\u00e9es vers l&#8217;arri\u00e8re en t\u00f4le d&#8217;acier galvanis\u00e9, pour t\u00e9mp\u00e9rature maximale de 120\u00b0C. Version (CAS-S) avec att\u00e9nuateur acoustique hexagonal incorpor\u00e9 dans la bouche d&#8217;aspiration du ventilateur permettant d&#8217;ajuster le d\u00e9bit d&#8217;air \u00e0 l&#8217;aspiration. Moteurs IE3 de classe F avec roulements \u00e0 billes et protection IP55, triphas\u00e9s, 2 p\u00f4les. Finition en r\u00e9sine de polyester polym\u00e9ris\u00e9e \u00e0 190\u00b0C avec des propri\u00e9t\u00e9s anticorrosives, comprenant un d\u00e9graissage pr\u00e9alable avec traitement nanotechnologique sans phosphates.<\/p>\n<p><a href=\"https:\/\/www.airvision.be\/wp-content\/uploads\/SE23_CAS_CAS_S_2021EN.pdf\" target=\"_blank\" rel=\"noopener\">Documentation CAS_CAS-S<\/a><\/p>\n<h3>CA &#8211; Tr\u00e8s Haute Pression<\/h3>\n<h3><img loading=\"lazy\" decoding=\"async\" class=\"alignright wp-image-639 \" src=\"https:\/\/www.airvision.be\/\/wp-content\/uploads\/Ca-standard-150x150.jpg\" alt=\"\" width=\"174\" height=\"174\" srcset=\"https:\/\/www.airvision.be\/wp-content\/uploads\/Ca-standard-150x150.jpg 150w, https:\/\/www.airvision.be\/wp-content\/uploads\/Ca-standard.jpg 200w\" sizes=\"auto, (max-width: 174px) 100vw, 174px\" \/><\/h3>\n<p>Ventilateurs centrifuges de d\u00e9bit de 220 \u00e0 2.300 m\u00b3\/h.<\/p>\n<p>Enveloppe et turbine en fonte d&#8217;aluminium, pour t\u00e9mp\u00e9rature maximale de 120\u00b0C. Moteurs IE3 de classe F avec roulements \u00e0 billes et protection IP55, triphas\u00e9s, 2 p\u00f4les. Finition en r\u00e9sine de polyester polym\u00e9ris\u00e9e \u00e0 190\u00b0C avec des propri\u00e9t\u00e9s anticorrosives, comprenant un d\u00e9graissage pr\u00e9alable avec traitement nanotechnologique sans phosphates.<\/p>\n<p><a href=\"https:\/\/www.airvision.be\/wp-content\/uploads\/CA_EN_v2.pdf\" target=\"_blank\" rel=\"noopener\">Documentation CA<\/a><\/p>\n<h3>CMAT &#8211; Transport Air Poussi\u00e9reux<\/h3>\n<h3><img loading=\"lazy\" decoding=\"async\" class=\"wp-image-3905 alignright\" src=\"https:\/\/www.airvision.be\/wp-content\/uploads\/CMAT.png\" alt=\"\" width=\"194\" height=\"194\" srcset=\"https:\/\/www.airvision.be\/wp-content\/uploads\/CMAT.png 200w, https:\/\/www.airvision.be\/wp-content\/uploads\/CMAT-150x150.png 150w, https:\/\/www.airvision.be\/wp-content\/uploads\/CMAT-60x60.png 60w\" sizes=\"auto, (max-width: 194px) 100vw, 194px\" \/><\/h3>\n<p>Ventilateurs centrifuges de d\u00e9bit de 300 \u00e0 3.115 m\u00b3\/h.<\/p>\n<p>Enveloppe en fonte d&#8217;aluminium et turbine \u00e0 pales droites, en fonte d&#8217;aluminium pour les mod\u00e8les 324 \u00e0 531 et t\u00f4les d&#8217;acier pour les mod\u00e8les 540 \u00e0 545, pour temp\u00e9rature maximale de 120\u00b0C. Moteurs IE3 de classe F avec roulements \u00e0 billes et protection IP55, triphas\u00e9s, 2 p\u00f4les. Finition en r\u00e9sine de polyester polym\u00e9ris\u00e9e \u00e0 190\u00b0C avec des propri\u00e9t\u00e9s anticorrosives, comprenant un d\u00e9graissage pr\u00e9alable avec traitement nanotechnologique sans phosphates.<\/p>\n<p><a href=\"https:\/\/www.airvision.be\/wp-content\/uploads\/SE23_CMAT_2021EN.pdf\" target=\"_blank\" rel=\"noopener\">Documentation CMAT<\/a><\/p>\n<h3>CMT\u00a0&#8211; Transport Air Poussi\u00e9reux<\/h3>\n<h3><img loading=\"lazy\" decoding=\"async\" class=\" wp-image-3912 alignright\" src=\"https:\/\/www.airvision.be\/wp-content\/uploads\/CMT.png\" alt=\"\" width=\"181\" height=\"181\" srcset=\"https:\/\/www.airvision.be\/wp-content\/uploads\/CMT.png 200w, https:\/\/www.airvision.be\/wp-content\/uploads\/CMT-150x150.png 150w, https:\/\/www.airvision.be\/wp-content\/uploads\/CMT-60x60.png 60w\" sizes=\"auto, (max-width: 181px) 100vw, 181px\" \/><\/h3>\n<p>Ventilateurs centrifuges de d\u00e9bit de 1.080 \u00e0 13.600 m\u00b3\/h.<\/p>\n<p>Enveloppe et turbine \u00e0 pales droites en t\u00f4le d&#8217;acier, pour temp\u00e9rature maximale de 120\u00b0C. Moteurs IE3 de classe F avec roulements \u00e0 billes et protection IP55, triphas\u00e9s, 2-4 p\u00f4les. Finition en r\u00e9sine de polyester polym\u00e9ris\u00e9e \u00e0 190\u00b0C avec des propri\u00e9t\u00e9s anticorrosives, comprenant un d\u00e9graissage pr\u00e9alable avec traitement nanotechnologique sans phosphates.<\/p>\n<p><a href=\"https:\/\/www.airvision.be\/wp-content\/uploads\/SE23_CMT_2021EN.pdf\" target=\"_blank\" rel=\"noopener\">Documentation CMT<\/a><\/p>\n","protected":false},"excerpt":{"rendered":"<p>Une gamme compl\u00e8te de ventilateurs centrifuges standards pour la ventilation industrielle pour des pressions allant jusqu&#8217;\u00e0 1600 mmCE.<\/p>\n","protected":false},"featured_media":638,"template":"","type-of-product":[16],"class_list":["post-623","product","type-product","status-publish","has-post-thumbnail","hentry","type-of-product-ventilateur-ventilation-generale"],"_links":{"self":[{"href":"https:\/\/www.airvision.be\/fr\/wp-json\/wp\/v2\/product\/623","targetHints":{"allow":["GET"]}}],"collection":[{"href":"https:\/\/www.airvision.be\/fr\/wp-json\/wp\/v2\/product"}],"about":[{"href":"https:\/\/www.airvision.be\/fr\/wp-json\/wp\/v2\/types\/product"}],"version-history":[{"count":31,"href":"https:\/\/www.airvision.be\/fr\/wp-json\/wp\/v2\/product\/623\/revisions"}],"predecessor-version":[{"id":6687,"href":"https:\/\/www.airvision.be\/fr\/wp-json\/wp\/v2\/product\/623\/revisions\/6687"}],"wp:featuredmedia":[{"embeddable":true,"href":"https:\/\/www.airvision.be\/fr\/wp-json\/wp\/v2\/media\/638"}],"wp:attachment":[{"href":"https:\/\/www.airvision.be\/fr\/wp-json\/wp\/v2\/media?parent=623"}],"wp:term":[{"taxonomy":"type-of-product","embeddable":true,"href":"https:\/\/www.airvision.be\/fr\/wp-json\/wp\/v2\/type-of-product?post=623"}],"curies":[{"name":"wp","href":"https:\/\/api.w.org\/{rel}","templated":true}]}}