{"id":625,"date":"2018-01-09T09:40:03","date_gmt":"2018-01-09T09:40:03","guid":{"rendered":"http:\/\/ry0xysuxf.preview.infomaniak.website\/?post_type=product&#038;p=625"},"modified":"2026-03-18T12:35:30","modified_gmt":"2026-03-18T12:35:30","slug":"ventilateurs-sodeca","status":"publish","type":"product","link":"https:\/\/www.airvision.be\/fr\/product\/ventilateurs-sodeca\/","title":{"rendered":"Ventilateurs Axiaux Sodeca"},"content":{"rendered":"<p>Une gamme compl\u00e8te de ventilateurs axiaux pour montage mural jusqu\u2019au diam\u00e8tre 1000 mm et montage en gaine jusqu\u2019\u00e0 1600 mm.<\/p>\n<h2>Ventilateurs Axiaux<\/h2>\n<h3><img loading=\"lazy\" decoding=\"async\" class=\"wp-image-3754 size-medium alignright\" src=\"https:\/\/www.airvision.be\/wp-content\/uploads\/HEP-HEPT-1-145x300.png\" alt=\"\" width=\"145\" height=\"300\" srcset=\"https:\/\/www.airvision.be\/wp-content\/uploads\/HEP-HEPT-1-145x300.png 145w, https:\/\/www.airvision.be\/wp-content\/uploads\/HEP-HEPT-1.png 191w\" sizes=\"auto, (max-width: 145px) 100vw, 145px\" \/><\/h3>\n<h3>HEP &#8211; HEPT<\/h3>\n<p>Ventilateurs axiaux de d\u00e9bit de 1.250 \u00e0 18.700 m\u00b3\/h pour un diam\u00e8tre de 250 \u00e0 630 mm.<\/p>\n<p>Ex\u00e9cution murale avec cadre de support en t\u00f4le d&#8217;acier (HEP) et ex\u00e9cution tubulaire avec une enveloppe en t\u00f4le d&#8217;acier (HEPT), chacun poss\u00e8dant une h\u00e9lice en polyamide 6 renforc\u00e9e \u00e0 la fibre de verre. Moteurs IE3 de classe F avec roulements \u00e0 billes et protection IP65, monophas\u00e9s ou triphas\u00e9s, 2-4-6 p\u00f4les. Finition en r\u00e9sine de polyester polym\u00e9ris\u00e9e \u00e0 190\u00b0C avec des propri\u00e9t\u00e9s anticorrosives, comprenant un d\u00e9graissage pr\u00e9alable avec traitement nanotechnologique sans phosphates.<\/p>\n<p><a href=\"https:\/\/www.airvision.be\/wp-content\/uploads\/SE07_HEP_HEPT_2019EN-1.pdf\" target=\"_blank\" rel=\"noopener\">Documentation HEP_HEPT<\/a><\/p>\n<h3><img loading=\"lazy\" decoding=\"async\" class=\"alignright wp-image-631 size-thumbnail\" src=\"https:\/\/www.airvision.be\/\/wp-content\/uploads\/Hc-standard-150x150.jpg\" alt=\"\" width=\"150\" height=\"150\" srcset=\"https:\/\/www.airvision.be\/wp-content\/uploads\/Hc-standard-150x150.jpg 150w, https:\/\/www.airvision.be\/wp-content\/uploads\/Hc-standard.jpg 200w\" sizes=\"auto, (max-width: 150px) 100vw, 150px\" \/>HC<\/h3>\n<p>Ventilateur axial de d\u00e9bit de 2.200 \u00e0 54.000 m\u00b3\/h pour un diam\u00e8tre de 250 \u00e0 1.000 mm.<\/p>\n<p>Ex\u00e9cution murale avec cadre de support en t\u00f4le d&#8217;acier, poss\u00e8dant une h\u00e9lice en polyamide 6 renforc\u00e9e \u00e0 la fibre de verre. Moteurs IE3 de classe F avec roulements \u00e0 billes et protection IP55, monophas\u00e9s ou triphas\u00e9s, 2-4-6 p\u00f4les. Finition en r\u00e9sine de polyester polym\u00e9ris\u00e9e \u00e0 190\u00b0C avec des propri\u00e9t\u00e9s anticorrosives, comprenant un d\u00e9graissage pr\u00e9alable avec traitement nanotechnologique sans phosphates.<\/p>\n<p><a href=\"https:\/\/www.airvision.be\/wp-content\/uploads\/SE07_HC_2019EN.pdf\" target=\"_blank\" rel=\"noopener\">Documentation HC<\/a><\/p>\n<h3>HCH &#8211; HCT<img loading=\"lazy\" decoding=\"async\" class=\"wp-image-3756 size-medium alignright\" src=\"https:\/\/www.airvision.be\/wp-content\/uploads\/HCH-HCT-144x300.png\" alt=\"\" width=\"144\" height=\"300\" srcset=\"https:\/\/www.airvision.be\/wp-content\/uploads\/HCH-HCT-144x300.png 144w, https:\/\/www.airvision.be\/wp-content\/uploads\/HCH-HCT.png 203w\" sizes=\"auto, (max-width: 144px) 100vw, 144px\" \/><\/h3>\n<p>Ventilateurs axiaux de d\u00e9bit de 1.000 \u00e0 71.850 m\u00b3\/h pour un diam\u00e8tre de 250 \u00e0 1.000 mm.<\/p>\n<p>Ex\u00e9cution murale avec cadre de support en t\u00f4le d&#8217;acier (HCH) et ex\u00e9cution tubulaire avec une enveloppe en t\u00f4le d&#8217;acier (HCT), comprenant une h\u00e9lice version PL en polyamide 6 renforc\u00e9e \u00e0 la fibre de verre ou version AL en fonte d&#8217;aluminium. Moteurs IE3 de classe F avec roulements \u00e0 billes et protection IP55, monophas\u00e9s ou triphas\u00e9s, 2-4-6 p\u00f4les. Finition en r\u00e9sine de polyester polym\u00e9ris\u00e9e \u00e0 190\u00b0C avec des propri\u00e9t\u00e9s anticorrosives, comprenant un d\u00e9graissage pr\u00e9alable avec traitement nanotechnologique sans phosphates.<\/p>\n<p><a href=\"https:\/\/www.airvision.be\/wp-content\/uploads\/SE07_HCH_HCT_2019EN.pdf\" target=\"_blank\" rel=\"noopener\">Documentation HCH_HCT<\/a><\/p>\n<h3><img loading=\"lazy\" decoding=\"async\" class=\"alignright wp-image-635 size-thumbnail\" src=\"https:\/\/www.airvision.be\/\/wp-content\/uploads\/CJHCH-150x150.jpg\" alt=\"\" width=\"150\" height=\"150\" srcset=\"https:\/\/www.airvision.be\/wp-content\/uploads\/CJHCH-150x150.jpg 150w, https:\/\/www.airvision.be\/wp-content\/uploads\/CJHCH.jpg 200w\" sizes=\"auto, (max-width: 150px) 100vw, 150px\" \/><\/h3>\n<h3>CJHCH<\/h3>\n<p>Ventilateur axial de d\u00e9bit de 11.050 \u00e0 71.850 m\u00b3\/h pour un diam\u00e8tre de 560 \u00e0 1.000 mm, avec caisson acoustique.<\/p>\n<p>Structure en acier galvanis\u00e9 avec une isolation thermique et acoustique, poss\u00e8dant une h\u00e9lice en polyamide 6 renforc\u00e9e \u00e0 la fibre de verre. Moteurs IE3 de classe F avec roulements \u00e0 billes et protection IP55, triphas\u00e9s, 4-6 p\u00f4les. Finition anticorrosion en t\u00f4le d&#8217;acier galvanis\u00e9.<\/p>\n<p><a href=\"https:\/\/www.airvision.be\/wp-content\/uploads\/SE07_CJHCH_2019EN.pdf\" target=\"_blank\" rel=\"noopener\">Documentation CJHCH<\/a><\/p>\n<h3><img loading=\"lazy\" decoding=\"async\" class=\"wp-image-3708 alignright\" src=\"https:\/\/www.airvision.be\/wp-content\/uploads\/HBA.png\" alt=\"\" width=\"178\" height=\"178\" srcset=\"https:\/\/www.airvision.be\/wp-content\/uploads\/HBA.png 200w, https:\/\/www.airvision.be\/wp-content\/uploads\/HBA-150x150.png 150w, https:\/\/www.airvision.be\/wp-content\/uploads\/HBA-60x60.png 60w\" sizes=\"auto, (max-width: 178px) 100vw, 178px\" \/><\/h3>\n<h3>HBA<\/h3>\n<p>Ventilateur axial de d\u00e9bit de 2.900 \u00e0 21.700 m\u00b3\/h pour un diam\u00e8tre de 310 \u00e0 1.000 mm.<\/p>\n<p>Ex\u00e9cution tubulaire bifurqu\u00e9e en t\u00f4le d&#8217;acier pour brasser de l&#8217;air jusqu&#8217;\u00e0 150\u00b0C en continu et jusqu&#8217;\u00e0 200\u00b0C de man\u00e8re sporadique, poss\u00e8dant une h\u00e9lice en fonte d&#8217;aluminium. Moteurs IE3 de classe F avec roulements \u00e0 billes et protection IP55 hors flux d&#8217;air, monophas\u00e9s ou triphas\u00e9s, 2-4-6 p\u00f4les. Finition en r\u00e9sine de polyester polym\u00e9ris\u00e9e \u00e0 190\u00b0C avec des propri\u00e9t\u00e9s anticorrosives, comprenant un d\u00e9graissage pr\u00e9alable avec traitement nanotechnologique sans phosphates.<\/p>\n<p><a href=\"https:\/\/www.airvision.be\/wp-content\/uploads\/SE23_HBA_2021EN.pdf\" target=\"_blank\" rel=\"noopener\">Documentation HBA<\/a><\/p>\n<h3><img loading=\"lazy\" decoding=\"async\" class=\"wp-image-3718 alignright\" src=\"https:\/\/www.airvision.be\/wp-content\/uploads\/HGI.png\" alt=\"\" width=\"150\" height=\"150\" srcset=\"https:\/\/www.airvision.be\/wp-content\/uploads\/HGI.png 200w, https:\/\/www.airvision.be\/wp-content\/uploads\/HGI-150x150.png 150w, https:\/\/www.airvision.be\/wp-content\/uploads\/HGI-60x60.png 60w\" sizes=\"auto, (max-width: 150px) 100vw, 150px\" \/><\/h3>\n<h3>HGI<\/h3>\n<p>Ventilateur axial de d\u00e9bit de 16.000 \u00e0 43.000 m\u00b3\/h pour un diam\u00e8tre de 800 \u00e0 1.250 mm.<\/p>\n<p>Ex\u00e9cution murale de grand diam\u00e8tre, con\u00e7u pour de grands d\u00e9bits d&#8217;air \u00e0 faible vitesse, avec un volet \u00e0 ouverture automatique. Poss\u00e9dant un cadre de support en t\u00f4le d&#8217;acier et structure en acier galvanis\u00e9, avec une h\u00e9lice en galva et une grille de protection anti-contact. Ventilateur sp\u00e9cialement con\u00e7u pour des applications dans des fermes et des serres. Moteurs IE3 de classe F avec roulements \u00e0 billes et protection IP55, triphas\u00e9s. Finition anticorrosion en t\u00f4le d&#8217;acier galvanis\u00e9.<\/p>\n<p><a href=\"https:\/\/www.airvision.be\/wp-content\/uploads\/HGI_EN_v3.pdf\" target=\"_blank\" rel=\"noopener\">Documentation HGI<\/a><\/p>\n<p><img loading=\"lazy\" decoding=\"async\" class=\" wp-image-3729 alignright\" src=\"https:\/\/www.airvision.be\/wp-content\/uploads\/HGT.png\" alt=\"\" width=\"159\" height=\"159\" srcset=\"https:\/\/www.airvision.be\/wp-content\/uploads\/HGT.png 200w, https:\/\/www.airvision.be\/wp-content\/uploads\/HGT-150x150.png 150w, https:\/\/www.airvision.be\/wp-content\/uploads\/HGT-60x60.png 60w\" sizes=\"auto, (max-width: 159px) 100vw, 159px\" \/><\/p>\n<h3>HGT &#8211; HGTX<\/h3>\n<p>Ventilateurs axiaux de d\u00e9bit de 45.700 \u00e0 207.500 m\u00b3\/h pour un diam\u00e8tre de 1.250 \u00e0 1.600 mm.<\/p>\n<p>Ex\u00e9cution tubulaire\u00a0 en t\u00f4le d&#8217;acier de grand diam\u00e8tre avec moteur direct (HGT) ou \u00e0 moteur ext\u00e9rieur (HGTX), avec h\u00e9lice en fonte d&#8217;aluminium 6 ou 9 aubes pour divers angles d&#8217;inclinaison. Version standard \u00e0 chassis court (HGT) ou \u00e0 chassis long \u00e9quip\u00e9 d&#8217;une trappe de visite (HGTX). Moteurs IE3 de classe F avec roulements \u00e0 billes et protection IP55, triphas\u00e9s, 6-9 p\u00f4les. Finition en r\u00e9sine de polyester polym\u00e9ris\u00e9e \u00e0 190\u00b0C avec des propri\u00e9t\u00e9s anticorrosives, comprenant un d\u00e9graissage pr\u00e9alable avec traitement nanotechnologique sans phosphates.<\/p>\n<p><a href=\"https:\/\/www.airvision.be\/wp-content\/uploads\/SE07_HGT_HGTX_2019EN.pdf\" target=\"_blank\" rel=\"noopener\">Documentation HGT_HGTX<\/a><\/p>\n<p><img loading=\"lazy\" decoding=\"async\" class=\"wp-image-3736 alignright\" src=\"https:\/\/www.airvision.be\/wp-content\/uploads\/HPX.png\" alt=\"\" width=\"174\" height=\"174\" srcset=\"https:\/\/www.airvision.be\/wp-content\/uploads\/HPX.png 200w, https:\/\/www.airvision.be\/wp-content\/uploads\/HPX-150x150.png 150w, https:\/\/www.airvision.be\/wp-content\/uploads\/HPX-60x60.png 60w\" sizes=\"auto, (max-width: 174px) 100vw, 174px\" \/><\/p>\n<h3>HPX<\/h3>\n<p>Ventilateur axial de d\u00e9bit de 2.500 \u00e0 68.000 m\u00b3\/h pour un diam\u00e8tre de 350 \u00e0 1.000 mm.<\/p>\n<p>Ex\u00e9cution tubulaire actionn\u00e9 par transmission, avec enveloppe \u00e0 couvercle rotatif en t\u00f4le d&#8217;acier, poss\u00e9dant un h\u00e9lice en fonte d&#8217;aluminium et un groupe de transmission \u00e9tanche avec syst\u00e8me de double bague de retenue. Moteurs IE3 de classe F avec roulements \u00e0 billes et protection IP55, monophas\u00e9s ou triphas\u00e9s, 2-4 p\u00f4les. Finition en r\u00e9sine de polyester polym\u00e9ris\u00e9e \u00e0 190\u00b0C avec des propri\u00e9t\u00e9s anticorrosives, comprenant un d\u00e9graissage pr\u00e9alable avec traitement nanotechnologique sans phosphates.<\/p>\n<p><a href=\"https:\/\/www.airvision.be\/wp-content\/uploads\/SE23_HPX_2021EN.pdf\" target=\"_blank\" rel=\"noopener\">Documentation HPX<\/a><\/p>\n","protected":false},"excerpt":{"rendered":"<p>Une gamme compl\u00e8te de ventilateurs axiaux pour montage mural jusqu\u2019au diam\u00e8tre 1000 mm et montage en gaine jusqu\u2019\u00e0 1600 mm.<\/p>\n","protected":false},"featured_media":684,"template":"","type-of-product":[16],"class_list":["post-625","product","type-product","status-publish","has-post-thumbnail","hentry","type-of-product-ventilateur-ventilation-generale"],"_links":{"self":[{"href":"https:\/\/www.airvision.be\/fr\/wp-json\/wp\/v2\/product\/625","targetHints":{"allow":["GET"]}}],"collection":[{"href":"https:\/\/www.airvision.be\/fr\/wp-json\/wp\/v2\/product"}],"about":[{"href":"https:\/\/www.airvision.be\/fr\/wp-json\/wp\/v2\/types\/product"}],"version-history":[{"count":24,"href":"https:\/\/www.airvision.be\/fr\/wp-json\/wp\/v2\/product\/625\/revisions"}],"predecessor-version":[{"id":6702,"href":"https:\/\/www.airvision.be\/fr\/wp-json\/wp\/v2\/product\/625\/revisions\/6702"}],"wp:featuredmedia":[{"embeddable":true,"href":"https:\/\/www.airvision.be\/fr\/wp-json\/wp\/v2\/media\/684"}],"wp:attachment":[{"href":"https:\/\/www.airvision.be\/fr\/wp-json\/wp\/v2\/media?parent=625"}],"wp:term":[{"taxonomy":"type-of-product","embeddable":true,"href":"https:\/\/www.airvision.be\/fr\/wp-json\/wp\/v2\/type-of-product?post=625"}],"curies":[{"name":"wp","href":"https:\/\/api.w.org\/{rel}","templated":true}]}}