{"id":646,"date":"2018-01-09T09:45:50","date_gmt":"2018-01-09T09:45:50","guid":{"rendered":"http:\/\/ry0xysuxf.preview.infomaniak.website\/?post_type=product&#038;p=646"},"modified":"2023-04-19T09:18:20","modified_gmt":"2023-04-19T09:18:20","slug":"ventilateurs-portables","status":"publish","type":"product","link":"https:\/\/www.airvision.be\/fr\/product\/ventilateurs-portables\/","title":{"rendered":"Ventilateurs Portables"},"content":{"rendered":"<h2><img loading=\"lazy\" decoding=\"async\" class=\"alignleft wp-image-451\" src=\"https:\/\/www.airvision.be\/\/wp-content\/uploads\/UB20_fan_only_50-150x150.jpg\" alt=\"\" width=\"90\" height=\"90\" srcset=\"https:\/\/www.airvision.be\/wp-content\/uploads\/UB20_fan_only_50-150x150.jpg 150w, https:\/\/www.airvision.be\/wp-content\/uploads\/UB20_fan_only_50.jpg 231w\" sizes=\"auto, (max-width: 90px) 100vw, 90px\" \/><\/h2>\n<h2>UB20 &#8211; FAN \u00d8 20 CM<\/h2>\n<p><a href=\"https:\/\/www.airvision.be\/wp-content\/uploads\/UB20-fr-nl-2023.pdf\">T\u00e9l\u00e9charger<\/a><\/p>\n<p>&nbsp;<\/p>\n<h2><img loading=\"lazy\" decoding=\"async\" class=\"alignleft wp-image-452\" src=\"https:\/\/www.airvision.be\/\/wp-content\/uploads\/UB20XX-150x150.jpg\" alt=\"\" width=\"89\" height=\"90\" srcset=\"https:\/\/www.airvision.be\/wp-content\/uploads\/UB20XX-150x150.jpg 150w, https:\/\/www.airvision.be\/wp-content\/uploads\/UB20XX.jpg 225w\" sizes=\"auto, (max-width: 89px) 100vw, 89px\" \/>UB20XX &#8211; FAN \u00d8 20 CM ATEX<\/h2>\n<p><a href=\"https:\/\/www.airvision.be\/wp-content\/uploads\/UB20xx-fr-nl-2023.pdf\">T\u00e9l\u00e9charger<\/a><\/p>\n<p>&nbsp;<\/p>\n<h2><img loading=\"lazy\" decoding=\"async\" class=\"alignleft wp-image-453\" src=\"https:\/\/www.airvision.be\/\/wp-content\/uploads\/UB30-150x150.jpg\" alt=\"\" width=\"83\" height=\"90\" srcset=\"https:\/\/www.airvision.be\/wp-content\/uploads\/UB30-276x300.jpg 276w, https:\/\/www.airvision.be\/wp-content\/uploads\/UB30.jpg 490w\" sizes=\"auto, (max-width: 83px) 100vw, 83px\" \/>UB30 &#8211; FAN \u00d8 30 CM<\/h2>\n<p><a href=\"https:\/\/www.airvision.be\/wp-content\/uploads\/UB30-fr-nl-2023.pdf\">T\u00e9l\u00e9charger<\/a><\/p>\n<p>&nbsp;<\/p>\n<h2><img loading=\"lazy\" decoding=\"async\" class=\"alignleft wp-image-454\" src=\"https:\/\/www.airvision.be\/\/wp-content\/uploads\/EFi85xx-150x150.jpg\" alt=\"\" width=\"88\" height=\"88\" \/>EFI75XX &#8211; FAN \u00d8 30 CM ATEX<\/h2>\n<p><a href=\"https:\/\/www.airvision.be\/wp-content\/uploads\/EFI-75xx-fr-nl-2023.pdf\">T\u00e9l\u00e9charger<\/a><\/p>\n<p>&nbsp;<\/p>\n<h2><img loading=\"lazy\" decoding=\"async\" class=\"alignleft wp-image-456\" src=\"https:\/\/www.airvision.be\/\/wp-content\/uploads\/EFi120-150x150.jpg\" alt=\"\" width=\"86\" height=\"90\" \/><\/h2>\n<h2>EFI120 &#8211; FAN \u00d8 40 CM<\/h2>\n<p><a href=\"https:\/\/www.airvision.be\/wp-content\/uploads\/EFI-120-fr-nl-03-2023.pdf\">T\u00e9l\u00e9charger<\/a><\/p>\n<p>&nbsp;<\/p>\n<h2><img loading=\"lazy\" decoding=\"async\" class=\"alignleft wp-image-457\" src=\"https:\/\/www.airvision.be\/\/wp-content\/uploads\/EFi120XX-150x150.jpg\" alt=\"\" width=\"84\" height=\"90\" \/>EFI120XX &#8211; FAN \u00d8 40 CM ATEX<\/h2>\n<p><a href=\"https:\/\/www.airvision.be\/wp-content\/uploads\/EFI-120xx-fr-nl-2023.pdf\">T\u00e9l\u00e9charger<\/a><\/p>\n<p>&nbsp;<\/p>\n","protected":false},"excerpt":{"rendered":"<p>Solutions compl\u00e8tes pour les applications de ventilation des espaces confin\u00e9s, fournissant un flux d&#8217;air puissant dans un ensemble compact et l\u00e9ger.<\/p>\n","protected":false},"featured_media":451,"template":"","type-of-product":[16],"class_list":["post-646","product","type-product","status-publish","has-post-thumbnail","hentry","type-of-product-ventilateur-ventilation-generale"],"_links":{"self":[{"href":"https:\/\/www.airvision.be\/fr\/wp-json\/wp\/v2\/product\/646","targetHints":{"allow":["GET"]}}],"collection":[{"href":"https:\/\/www.airvision.be\/fr\/wp-json\/wp\/v2\/product"}],"about":[{"href":"https:\/\/www.airvision.be\/fr\/wp-json\/wp\/v2\/types\/product"}],"version-history":[{"count":22,"href":"https:\/\/www.airvision.be\/fr\/wp-json\/wp\/v2\/product\/646\/revisions"}],"predecessor-version":[{"id":4632,"href":"https:\/\/www.airvision.be\/fr\/wp-json\/wp\/v2\/product\/646\/revisions\/4632"}],"wp:featuredmedia":[{"embeddable":true,"href":"https:\/\/www.airvision.be\/fr\/wp-json\/wp\/v2\/media\/451"}],"wp:attachment":[{"href":"https:\/\/www.airvision.be\/fr\/wp-json\/wp\/v2\/media?parent=646"}],"wp:term":[{"taxonomy":"type-of-product","embeddable":true,"href":"https:\/\/www.airvision.be\/fr\/wp-json\/wp\/v2\/type-of-product?post=646"}],"curies":[{"name":"wp","href":"https:\/\/api.w.org\/{rel}","templated":true}]}}