{"id":650,"date":"2018-01-09T09:47:14","date_gmt":"2018-01-09T09:47:14","guid":{"rendered":"http:\/\/ry0xysuxf.preview.infomaniak.website\/?post_type=product&#038;p=650"},"modified":"2022-12-20T16:12:14","modified_gmt":"2022-12-20T16:12:14","slug":"registres-by-pass","status":"publish","type":"product","link":"https:\/\/www.airvision.be\/fr\/product\/registres-by-pass\/","title":{"rendered":"Registres by-pass"},"content":{"rendered":"<p><a href=\"https:\/\/www.airvision.be\/\/wp-content\/uploads\/AIRVISION-BROCHURE-CLAPETS-FR.pdf\">T\u00e9l\u00e9charger notre brochure<\/a><\/p>\n<p>Con\u00e7us pour g\u00e9rer la r\u00e9cup\u00e9ration d&#8217;\u00e9nergie dans les gaz d&#8217;\u00e9chappement des centrales de cog\u00e9n\u00e9ration \u00e9quip\u00e9es de moteur diesel, moteur \u00e0 gaz ou turbine \u00e0 gaz. Leur conception \u00e0 2 papillons li\u00e9s m\u00e9caniquement les rendent tr\u00e8s performants en mode r\u00e9gulation.<br \/>\nTemp\u00e9rature jusqu&#8217;\u00e0 500\u00b0C<\/p>\n","protected":false},"excerpt":{"rendered":"<p>Con\u00e7us pour g\u00e9rer la r\u00e9cup\u00e9ration d&#8217;\u00e9nergie dans les gaz d&#8217;\u00e9chappement des centrales de cog\u00e9n\u00e9ration \u00e9quip\u00e9es de moteur diesel, moteur \u00e0 gaz ou turbine \u00e0 gaz. Leur conception \u00e0 2 papillons li\u00e9s m\u00e9caniquement les rendent tr\u00e8s performants en mode r\u00e9gulation.<\/p>\n","protected":false},"featured_media":140,"template":"","type-of-product":[17],"class_list":["post-650","product","type-product","status-publish","has-post-thumbnail","hentry","type-of-product-registres-vannes"],"_links":{"self":[{"href":"https:\/\/www.airvision.be\/fr\/wp-json\/wp\/v2\/product\/650","targetHints":{"allow":["GET"]}}],"collection":[{"href":"https:\/\/www.airvision.be\/fr\/wp-json\/wp\/v2\/product"}],"about":[{"href":"https:\/\/www.airvision.be\/fr\/wp-json\/wp\/v2\/types\/product"}],"version-history":[{"count":4,"href":"https:\/\/www.airvision.be\/fr\/wp-json\/wp\/v2\/product\/650\/revisions"}],"predecessor-version":[{"id":4589,"href":"https:\/\/www.airvision.be\/fr\/wp-json\/wp\/v2\/product\/650\/revisions\/4589"}],"wp:featuredmedia":[{"embeddable":true,"href":"https:\/\/www.airvision.be\/fr\/wp-json\/wp\/v2\/media\/140"}],"wp:attachment":[{"href":"https:\/\/www.airvision.be\/fr\/wp-json\/wp\/v2\/media?parent=650"}],"wp:term":[{"taxonomy":"type-of-product","embeddable":true,"href":"https:\/\/www.airvision.be\/fr\/wp-json\/wp\/v2\/type-of-product?post=650"}],"curies":[{"name":"wp","href":"https:\/\/api.w.org\/{rel}","templated":true}]}}