{"id":652,"date":"2018-01-09T09:47:34","date_gmt":"2018-01-09T09:47:34","guid":{"rendered":"http:\/\/ry0xysuxf.preview.infomaniak.website\/?post_type=product&#038;p=652"},"modified":"2022-12-20T15:28:50","modified_gmt":"2022-12-20T15:28:50","slug":"registres-a-guillotine","status":"publish","type":"product","link":"https:\/\/www.airvision.be\/fr\/product\/registres-a-guillotine\/","title":{"rendered":"Registres \u00e0 guillotine"},"content":{"rendered":"<p><a href=\"https:\/\/www.airvision.be\/\/wp-content\/uploads\/AIRVISION-BROCHURE-CLAPETS-FR.pdf\">T\u00e9l\u00e9charger notre brochure<\/a><\/p>\n<p>Con\u00e7us pour cr\u00e9er un isolement occasionnel dans une gaine de fum\u00e9e.<br \/>\nPossibilit\u00e9s d&#8217;atteindre 550\u00b0c.<br \/>\nMotoris\u00e9s ou avec commande manuelle par volant.<\/p>\n","protected":false},"excerpt":{"rendered":"<p>Con\u00e7us pour cr\u00e9er un isolement occasionnel dans une gaine de fum\u00e9e.<\/p>\n","protected":false},"featured_media":138,"template":"","type-of-product":[17],"class_list":["post-652","product","type-product","status-publish","has-post-thumbnail","hentry","type-of-product-registres-vannes"],"_links":{"self":[{"href":"https:\/\/www.airvision.be\/fr\/wp-json\/wp\/v2\/product\/652","targetHints":{"allow":["GET"]}}],"collection":[{"href":"https:\/\/www.airvision.be\/fr\/wp-json\/wp\/v2\/product"}],"about":[{"href":"https:\/\/www.airvision.be\/fr\/wp-json\/wp\/v2\/types\/product"}],"version-history":[{"count":2,"href":"https:\/\/www.airvision.be\/fr\/wp-json\/wp\/v2\/product\/652\/revisions"}],"predecessor-version":[{"id":4580,"href":"https:\/\/www.airvision.be\/fr\/wp-json\/wp\/v2\/product\/652\/revisions\/4580"}],"wp:featuredmedia":[{"embeddable":true,"href":"https:\/\/www.airvision.be\/fr\/wp-json\/wp\/v2\/media\/138"}],"wp:attachment":[{"href":"https:\/\/www.airvision.be\/fr\/wp-json\/wp\/v2\/media?parent=652"}],"wp:term":[{"taxonomy":"type-of-product","embeddable":true,"href":"https:\/\/www.airvision.be\/fr\/wp-json\/wp\/v2\/type-of-product?post=652"}],"curies":[{"name":"wp","href":"https:\/\/api.w.org\/{rel}","templated":true}]}}