{"id":653,"date":"2018-01-09T09:47:42","date_gmt":"2018-01-09T09:47:42","guid":{"rendered":"http:\/\/ry0xysuxf.preview.infomaniak.website\/?post_type=product&#038;p=653"},"modified":"2022-12-20T13:46:21","modified_gmt":"2022-12-20T13:46:21","slug":"registres-clapet","status":"publish","type":"product","link":"https:\/\/www.airvision.be\/fr\/product\/registres-clapet\/","title":{"rendered":"Registres clapets"},"content":{"rendered":"<p><a href=\"https:\/\/www.airvision.be\/\/wp-content\/uploads\/AIRVISION-BROCHURE-CLAPETS-FR.pdf\">T\u00e9l\u00e9charger notre brochure<\/a><\/p>\n<p>Appel\u00e9 parfois &#8220;clapet de nez&#8221;. Registre de sectionnement servant \u00e0 obturer une entr\u00e9e ou une sortie de ligne. Il se monte \u00e0 l&#8217;extr\u00e9mit\u00e9 de la gaine et est sp\u00e9cialement adapt\u00e9 aux conditions engendr\u00e9es par l&#8217;interface froid\/chaud et les risques de condensation qui en d\u00e9coulent.<br \/>\nTemp\u00e9rature jusqu&#8217;\u00e0 350\u00b0C<\/p>\n","protected":false},"excerpt":{"rendered":"<p>Registre de sectionnement servant \u00e0 obturer une entr\u00e9e ou une sortie de ligne. Il se monte \u00e0 l&#8217;extr\u00e9mit\u00e9 de la gaine et est sp\u00e9cialement adapt\u00e9 aux conditions engendr\u00e9es par l&#8217;interface froid\/chaud et les risques de condensation qui en d\u00e9coulent.<\/p>\n","protected":false},"featured_media":137,"template":"","type-of-product":[17],"class_list":["post-653","product","type-product","status-publish","has-post-thumbnail","hentry","type-of-product-registres-vannes"],"_links":{"self":[{"href":"https:\/\/www.airvision.be\/fr\/wp-json\/wp\/v2\/product\/653","targetHints":{"allow":["GET"]}}],"collection":[{"href":"https:\/\/www.airvision.be\/fr\/wp-json\/wp\/v2\/product"}],"about":[{"href":"https:\/\/www.airvision.be\/fr\/wp-json\/wp\/v2\/types\/product"}],"version-history":[{"count":3,"href":"https:\/\/www.airvision.be\/fr\/wp-json\/wp\/v2\/product\/653\/revisions"}],"predecessor-version":[{"id":4576,"href":"https:\/\/www.airvision.be\/fr\/wp-json\/wp\/v2\/product\/653\/revisions\/4576"}],"wp:featuredmedia":[{"embeddable":true,"href":"https:\/\/www.airvision.be\/fr\/wp-json\/wp\/v2\/media\/137"}],"wp:attachment":[{"href":"https:\/\/www.airvision.be\/fr\/wp-json\/wp\/v2\/media?parent=653"}],"wp:term":[{"taxonomy":"type-of-product","embeddable":true,"href":"https:\/\/www.airvision.be\/fr\/wp-json\/wp\/v2\/type-of-product?post=653"}],"curies":[{"name":"wp","href":"https:\/\/api.w.org\/{rel}","templated":true}]}}