{"id":654,"date":"2018-01-19T08:46:57","date_gmt":"2018-01-19T08:46:57","guid":{"rendered":"http:\/\/ry0xysuxf.preview.infomaniak.website\/?post_type=product&#038;p=654"},"modified":"2018-01-19T08:46:57","modified_gmt":"2018-01-19T08:46:57","slug":"des-normes-acoustiques-de-plus-en-plus-severes","status":"publish","type":"product","link":"https:\/\/www.airvision.be\/fr\/product\/des-normes-acoustiques-de-plus-en-plus-severes\/","title":{"rendered":"Des normes acoustiques de plus en plus s\u00e9v\u00e8res \u2026"},"content":{"rendered":"<p>Le choix d&#8217;un ventilateur s&#8217;accompagne toujours d&#8217;une analyse de l&#8217;environnement dans lequel celui-ci sera install\u00e9. Selon qu&#8217;il s&#8217;agisse d&#8217;un local technique, d&#8217;une installation \u00e0 l&#8217;ext\u00e9rieur, d&#8217;un ventilateur embarqu\u00e9, il faut tenir compte des contraintes acoustiques qu&#8217;impose cet environnement.<\/p>\n<p>Celles-ci sont tr\u00e8s variables et peuvent imposer un investissement parfois sup\u00e9rieur au co\u00fbt d&#8217;achat du ventilateur !<\/p>\n<p><a href=\"https:\/\/www.airvision.be\/\/wp-content\/uploads\/AIRVISION-BROCHURE-ACOUSTIQUE-FR-1.pdf\">T\u00e9l\u00e9charger notre brochure<\/a><\/p>\n","protected":false},"excerpt":{"rendered":"<p>Le choix d&#8217;un ventilateur s&#8217;accompagne toujours d&#8217;une analyse de l&#8217;environnement dans lequel celui-ci sera install\u00e9. Selon qu&#8217;il s&#8217;agisse d&#8217;un local technique, d&#8217;une installation \u00e0 l&#8217;ext\u00e9rieur, d&#8217;un ventilateur embarqu\u00e9, il faut [&hellip;]<\/p>\n","protected":false},"featured_media":469,"template":"","type-of-product":[18],"class_list":["post-654","product","type-product","status-publish","has-post-thumbnail","hentry","type-of-product-solutions-acoustiques"],"_links":{"self":[{"href":"https:\/\/www.airvision.be\/fr\/wp-json\/wp\/v2\/product\/654","targetHints":{"allow":["GET"]}}],"collection":[{"href":"https:\/\/www.airvision.be\/fr\/wp-json\/wp\/v2\/product"}],"about":[{"href":"https:\/\/www.airvision.be\/fr\/wp-json\/wp\/v2\/types\/product"}],"version-history":[{"count":0,"href":"https:\/\/www.airvision.be\/fr\/wp-json\/wp\/v2\/product\/654\/revisions"}],"wp:featuredmedia":[{"embeddable":true,"href":"https:\/\/www.airvision.be\/fr\/wp-json\/wp\/v2\/media\/469"}],"wp:attachment":[{"href":"https:\/\/www.airvision.be\/fr\/wp-json\/wp\/v2\/media?parent=654"}],"wp:term":[{"taxonomy":"type-of-product","embeddable":true,"href":"https:\/\/www.airvision.be\/fr\/wp-json\/wp\/v2\/type-of-product?post=654"}],"curies":[{"name":"wp","href":"https:\/\/api.w.org\/{rel}","templated":true}]}}