{"id":656,"date":"2018-01-09T09:59:57","date_gmt":"2018-01-09T09:59:57","guid":{"rendered":"http:\/\/ry0xysuxf.preview.infomaniak.website\/?post_type=product&#038;p=656"},"modified":"2023-01-03T13:44:43","modified_gmt":"2023-01-03T13:44:43","slug":"les-sources-de-bruits","status":"publish","type":"product","link":"https:\/\/www.airvision.be\/fr\/product\/les-sources-de-bruits\/","title":{"rendered":"Les sources de bruits"},"content":{"rendered":"<p>Les ventilateurs sont des machines particuli\u00e8rement bruyantes qui n\u00e9cessitent souvent un traitement acoustique. Nous distinguons le bruit de bouche du bruit de carcasse. Le bruit de bouche peut \u00eatre r\u00e9duit par l&#8217;adjonction de silencieux d&#8217;aspiration et\/ou de refoulement.<\/p>\n<p>Le bruit de carcasse sera lui att\u00e9nu\u00e9 par, soit l&#8217;isolation de la volute, soit un capotage acoustique complet en cas de contraintes extr\u00eames.<\/p>\n<p><a href=\"https:\/\/www.airvision.be\/\/wp-content\/uploads\/AIRVISION-BROCHURE-ACOUSTIQUE-FR-1.pdf\">T\u00e9l\u00e9charger notre brochure<\/a><\/p>\n","protected":false},"excerpt":{"rendered":"<p>Les ventilateurs sont des machines particuli\u00e8rement bruyantes qui n\u00e9cessitent souvent un traitement acoustique. Nous distinguons le bruit de bouche du bruit de carcasse. Le bruit de bouche peut \u00eatre r\u00e9duit par l&#8217;adjonction de silencieux d&#8217;aspiration et\/ou de refoulement.<\/p>\n<p>Le bruit de carcasse sera lui att\u00e9nu\u00e9 par, soit l&#8217;isolation de la volute, soit un capotage acoustique complet en cas de contraintes extr\u00eames.<\/p>\n","protected":false},"featured_media":471,"template":"","type-of-product":[18],"class_list":["post-656","product","type-product","status-publish","has-post-thumbnail","hentry","type-of-product-solutions-acoustiques"],"_links":{"self":[{"href":"https:\/\/www.airvision.be\/fr\/wp-json\/wp\/v2\/product\/656","targetHints":{"allow":["GET"]}}],"collection":[{"href":"https:\/\/www.airvision.be\/fr\/wp-json\/wp\/v2\/product"}],"about":[{"href":"https:\/\/www.airvision.be\/fr\/wp-json\/wp\/v2\/types\/product"}],"version-history":[{"count":1,"href":"https:\/\/www.airvision.be\/fr\/wp-json\/wp\/v2\/product\/656\/revisions"}],"predecessor-version":[{"id":4605,"href":"https:\/\/www.airvision.be\/fr\/wp-json\/wp\/v2\/product\/656\/revisions\/4605"}],"wp:featuredmedia":[{"embeddable":true,"href":"https:\/\/www.airvision.be\/fr\/wp-json\/wp\/v2\/media\/471"}],"wp:attachment":[{"href":"https:\/\/www.airvision.be\/fr\/wp-json\/wp\/v2\/media?parent=656"}],"wp:term":[{"taxonomy":"type-of-product","embeddable":true,"href":"https:\/\/www.airvision.be\/fr\/wp-json\/wp\/v2\/type-of-product?post=656"}],"curies":[{"name":"wp","href":"https:\/\/api.w.org\/{rel}","templated":true}]}}