{"id":657,"date":"2018-01-09T10:00:11","date_gmt":"2018-01-09T10:00:11","guid":{"rendered":"http:\/\/ry0xysuxf.preview.infomaniak.website\/?post_type=product&#038;p=657"},"modified":"2018-09-18T08:49:19","modified_gmt":"2018-09-18T08:49:19","slug":"une-analyse-approfondie","status":"publish","type":"product","link":"https:\/\/www.airvision.be\/fr\/product\/une-analyse-approfondie\/","title":{"rendered":"Une analyse approfondie"},"content":{"rendered":"<p>Air Vision dispose de logiciels de s\u00e9lection permettant une analyse pr\u00e9cise du niveau de bruit d&#8217;un ventilateur. Ce bruit sera d\u00e9pendant des caract\u00e9ristiques a\u00e9rauliques, sans oublier l&#8217;influence fondamentale qu&#8217;aura l&#8217;environnement dans lequel le ventilateur est install\u00e9. Notre Guide pratique du ventilateur (disponible sur demande) introduit cette mati\u00e8re complexe qu&#8217;est l&#8217;acoustique appliqu\u00e9e au ventilateur.<\/p>\n<p><a href=\"https:\/\/www.airvision.be\/\/wp-content\/uploads\/AIRVISION-BROCHURE-ACOUSTIQUE-FR-1.pdf\">T\u00e9l\u00e9charger notre brochure<\/a><\/p>\n","protected":false},"excerpt":{"rendered":"<p>Air Vision dispose de logiciels de s\u00e9lection permettant une analyse pr\u00e9cise du niveau de bruit d&#8217;un ventilateur. Ce bruit sera d\u00e9pendant des caract\u00e9ristiques a\u00e9rauliques, sans oublier l&#8217;influence fondamentale qu&#8217;aura l&#8217;environnement [&hellip;]<\/p>\n","protected":false},"featured_media":472,"template":"","type-of-product":[18],"class_list":["post-657","product","type-product","status-publish","has-post-thumbnail","hentry","type-of-product-solutions-acoustiques"],"_links":{"self":[{"href":"https:\/\/www.airvision.be\/fr\/wp-json\/wp\/v2\/product\/657","targetHints":{"allow":["GET"]}}],"collection":[{"href":"https:\/\/www.airvision.be\/fr\/wp-json\/wp\/v2\/product"}],"about":[{"href":"https:\/\/www.airvision.be\/fr\/wp-json\/wp\/v2\/types\/product"}],"version-history":[{"count":1,"href":"https:\/\/www.airvision.be\/fr\/wp-json\/wp\/v2\/product\/657\/revisions"}],"predecessor-version":[{"id":2841,"href":"https:\/\/www.airvision.be\/fr\/wp-json\/wp\/v2\/product\/657\/revisions\/2841"}],"wp:featuredmedia":[{"embeddable":true,"href":"https:\/\/www.airvision.be\/fr\/wp-json\/wp\/v2\/media\/472"}],"wp:attachment":[{"href":"https:\/\/www.airvision.be\/fr\/wp-json\/wp\/v2\/media?parent=657"}],"wp:term":[{"taxonomy":"type-of-product","embeddable":true,"href":"https:\/\/www.airvision.be\/fr\/wp-json\/wp\/v2\/type-of-product?post=657"}],"curies":[{"name":"wp","href":"https:\/\/api.w.org\/{rel}","templated":true}]}}