{"id":658,"date":"2018-01-09T10:00:27","date_gmt":"2018-01-09T10:00:27","guid":{"rendered":"http:\/\/ry0xysuxf.preview.infomaniak.website\/?post_type=product&#038;p=658"},"modified":"2018-09-18T08:49:46","modified_gmt":"2018-09-18T08:49:46","slug":"des-solutions-reflechies","status":"publish","type":"product","link":"https:\/\/www.airvision.be\/fr\/product\/des-solutions-reflechies\/","title":{"rendered":"Des solutions r\u00e9fl\u00e9chies"},"content":{"rendered":"<p>L&#8217;analyse acoustique ayant \u00e9t\u00e9 r\u00e9alis\u00e9e et les mesures \u00e0 mettre en oeuvre identifi\u00e9es, AirVision est \u00e0 m\u00eame de proposer une solution &#8220;cl\u00e9 en main&#8221; \u00e9vitant un engineering co\u00fbteux pour ses clients.<\/p>\n<p><a href=\"https:\/\/www.airvision.be\/\/wp-content\/uploads\/AIRVISION-BROCHURE-ACOUSTIQUE-FR-1.pdf\">T\u00e9l\u00e9charger notre brochure<\/a><\/p>\n","protected":false},"excerpt":{"rendered":"<p>L&#8217;analyse acoustique ayant \u00e9t\u00e9 r\u00e9alis\u00e9e et les mesures \u00e0 mettre en oeuvre identifi\u00e9es, AirVision est \u00e0 m\u00eame de proposer une solution &#8220;cl\u00e9 en main&#8221; \u00e9vitant un engineering co\u00fbteux pour ses [&hellip;]<\/p>\n","protected":false},"featured_media":659,"template":"","type-of-product":[18],"class_list":["post-658","product","type-product","status-publish","has-post-thumbnail","hentry","type-of-product-solutions-acoustiques"],"_links":{"self":[{"href":"https:\/\/www.airvision.be\/fr\/wp-json\/wp\/v2\/product\/658","targetHints":{"allow":["GET"]}}],"collection":[{"href":"https:\/\/www.airvision.be\/fr\/wp-json\/wp\/v2\/product"}],"about":[{"href":"https:\/\/www.airvision.be\/fr\/wp-json\/wp\/v2\/types\/product"}],"version-history":[{"count":1,"href":"https:\/\/www.airvision.be\/fr\/wp-json\/wp\/v2\/product\/658\/revisions"}],"predecessor-version":[{"id":2842,"href":"https:\/\/www.airvision.be\/fr\/wp-json\/wp\/v2\/product\/658\/revisions\/2842"}],"wp:featuredmedia":[{"embeddable":true,"href":"https:\/\/www.airvision.be\/fr\/wp-json\/wp\/v2\/media\/659"}],"wp:attachment":[{"href":"https:\/\/www.airvision.be\/fr\/wp-json\/wp\/v2\/media?parent=658"}],"wp:term":[{"taxonomy":"type-of-product","embeddable":true,"href":"https:\/\/www.airvision.be\/fr\/wp-json\/wp\/v2\/type-of-product?post=658"}],"curies":[{"name":"wp","href":"https:\/\/api.w.org\/{rel}","templated":true}]}}