{"id":660,"date":"2018-01-09T10:00:43","date_gmt":"2018-01-09T10:00:43","guid":{"rendered":"http:\/\/ry0xysuxf.preview.infomaniak.website\/?post_type=product&#038;p=660"},"modified":"2018-09-18T08:58:29","modified_gmt":"2018-09-18T08:58:29","slug":"le-souci-davoir-des-clients-contents","status":"publish","type":"product","link":"https:\/\/www.airvision.be\/fr\/product\/le-souci-davoir-des-clients-contents\/","title":{"rendered":"Le souci du client content"},"content":{"rendered":"<p>Notre pr\u00e9occupation ne s&#8217;arr\u00eate pas \u00e0 livrer des ventilateurs performants, dans les d\u00e9lais et conformes aux sp\u00e9cifications. Au del\u00e0 de l&#8217;accompagnement \u00e0 la s\u00e9lection des ventilateurs et au classique service apr\u00e8s vente, AirVision reste attentive \u00e0 vous faciliter la t\u00e2che, tant par l&#8217;extension de ses fournitures aux divers accessoires p\u00e9riph\u00e9riques, que par la maintenance et le d\u00e9pannage des \u00e9quipements livr\u00e9s.<\/p>\n","protected":false},"excerpt":{"rendered":"<p>Notre pr\u00e9occupation ne s&#8217;arr\u00eate pas \u00e0 livrer des ventilateurs performants, dans les d\u00e9lais et conformes aux sp\u00e9cifications. Au del\u00e0 de l&#8217;accompagnement \u00e0 la s\u00e9lection des ventilateurs et au classique service [&hellip;]<\/p>\n","protected":false},"featured_media":0,"template":"","type-of-product":[19],"class_list":["post-660","product","type-product","status-publish","hentry","type-of-product-maintenance-service-apres-vente"],"_links":{"self":[{"href":"https:\/\/www.airvision.be\/fr\/wp-json\/wp\/v2\/product\/660","targetHints":{"allow":["GET"]}}],"collection":[{"href":"https:\/\/www.airvision.be\/fr\/wp-json\/wp\/v2\/product"}],"about":[{"href":"https:\/\/www.airvision.be\/fr\/wp-json\/wp\/v2\/types\/product"}],"version-history":[{"count":3,"href":"https:\/\/www.airvision.be\/fr\/wp-json\/wp\/v2\/product\/660\/revisions"}],"predecessor-version":[{"id":2845,"href":"https:\/\/www.airvision.be\/fr\/wp-json\/wp\/v2\/product\/660\/revisions\/2845"}],"wp:attachment":[{"href":"https:\/\/www.airvision.be\/fr\/wp-json\/wp\/v2\/media?parent=660"}],"wp:term":[{"taxonomy":"type-of-product","embeddable":true,"href":"https:\/\/www.airvision.be\/fr\/wp-json\/wp\/v2\/type-of-product?post=660"}],"curies":[{"name":"wp","href":"https:\/\/api.w.org\/{rel}","templated":true}]}}