{"id":661,"date":"2018-01-09T10:00:55","date_gmt":"2018-01-09T10:00:55","guid":{"rendered":"http:\/\/ry0xysuxf.preview.infomaniak.website\/?post_type=product&#038;p=661"},"modified":"2018-08-17T13:23:28","modified_gmt":"2018-08-17T13:23:28","slug":"montage-et-maintenance","status":"publish","type":"product","link":"https:\/\/www.airvision.be\/fr\/product\/montage-et-maintenance\/","title":{"rendered":"Montage et maintenance"},"content":{"rendered":"<p>Sur demande, nous assurons la supervision du montage ou le montage proprement dit des ventilateurs livr\u00e9s.<br \/>\nNos interventions de maintenance planifi\u00e9es correspondent \u00e0 vos programmes d&#8217;entretien pr\u00e9ventif et pr\u00e9dictif.<br \/>\nNos \u00e9quipes sont pourvues d&#8217;appareils de pointe pour l&#8217;\u00e9quilibrage et le lignage des ventilateurs.<\/p>\n","protected":false},"excerpt":{"rendered":"<p>Sur demande, nous assurons la supervision du montage ou le montage proprement dit des ventilateurs livr\u00e9s. Nos interventions de maintenance planifi\u00e9es correspondent \u00e0 vos programmes d&#8217;entretien pr\u00e9ventif et pr\u00e9dictif. Nos [&hellip;]<\/p>\n","protected":false},"featured_media":0,"template":"","type-of-product":[19],"class_list":["post-661","product","type-product","status-publish","hentry","type-of-product-maintenance-service-apres-vente"],"_links":{"self":[{"href":"https:\/\/www.airvision.be\/fr\/wp-json\/wp\/v2\/product\/661","targetHints":{"allow":["GET"]}}],"collection":[{"href":"https:\/\/www.airvision.be\/fr\/wp-json\/wp\/v2\/product"}],"about":[{"href":"https:\/\/www.airvision.be\/fr\/wp-json\/wp\/v2\/types\/product"}],"version-history":[{"count":1,"href":"https:\/\/www.airvision.be\/fr\/wp-json\/wp\/v2\/product\/661\/revisions"}],"predecessor-version":[{"id":1068,"href":"https:\/\/www.airvision.be\/fr\/wp-json\/wp\/v2\/product\/661\/revisions\/1068"}],"wp:attachment":[{"href":"https:\/\/www.airvision.be\/fr\/wp-json\/wp\/v2\/media?parent=661"}],"wp:term":[{"taxonomy":"type-of-product","embeddable":true,"href":"https:\/\/www.airvision.be\/fr\/wp-json\/wp\/v2\/type-of-product?post=661"}],"curies":[{"name":"wp","href":"https:\/\/api.w.org\/{rel}","templated":true}]}}