{"id":662,"date":"2018-01-09T10:01:06","date_gmt":"2018-01-09T10:01:06","guid":{"rendered":"http:\/\/ry0xysuxf.preview.infomaniak.website\/?post_type=product&#038;p=662"},"modified":"2018-08-17T14:02:48","modified_gmt":"2018-08-17T14:02:48","slug":"mesures-vibratoires-et-aerauliques","status":"publish","type":"product","link":"https:\/\/www.airvision.be\/fr\/product\/mesures-vibratoires-et-aerauliques\/","title":{"rendered":"Mesures vibratoires et a\u00e9rauliques"},"content":{"rendered":"<p>Nos interventions de mesures a\u00e9rauliques sur les installations existantes permettent d&#8217;optimaliser le fonctionnement des ventilateurs, ou facilitent le redimensionnement de ceux-ci en fonction de nouvelles conditions d&#8217;exploitation.<\/p>\n<p>Les mesures vibratoires sont pour leur part une composante indispensable d&#8217;une maintenance pr\u00e9dictive et pr\u00e9ventive \u00e9vitant l&#8217;arr\u00eat intempestif d&#8217;un processus de production.<\/p>\n","protected":false},"excerpt":{"rendered":"<p>Nos interventions de mesures a\u00e9rauliques sur les installations existantes permettent d&#8217;optimaliser le fonctionnement des ventilateurs, ou facilitent le redimensionnement de ceux-ci en fonction de nouvelles conditions d&#8217;exploitation. Les mesures vibratoires [&hellip;]<\/p>\n","protected":false},"featured_media":0,"template":"","type-of-product":[19],"class_list":["post-662","product","type-product","status-publish","hentry","type-of-product-maintenance-service-apres-vente"],"_links":{"self":[{"href":"https:\/\/www.airvision.be\/fr\/wp-json\/wp\/v2\/product\/662","targetHints":{"allow":["GET"]}}],"collection":[{"href":"https:\/\/www.airvision.be\/fr\/wp-json\/wp\/v2\/product"}],"about":[{"href":"https:\/\/www.airvision.be\/fr\/wp-json\/wp\/v2\/types\/product"}],"version-history":[{"count":2,"href":"https:\/\/www.airvision.be\/fr\/wp-json\/wp\/v2\/product\/662\/revisions"}],"predecessor-version":[{"id":936,"href":"https:\/\/www.airvision.be\/fr\/wp-json\/wp\/v2\/product\/662\/revisions\/936"}],"wp:attachment":[{"href":"https:\/\/www.airvision.be\/fr\/wp-json\/wp\/v2\/media?parent=662"}],"wp:term":[{"taxonomy":"type-of-product","embeddable":true,"href":"https:\/\/www.airvision.be\/fr\/wp-json\/wp\/v2\/type-of-product?post=662"}],"curies":[{"name":"wp","href":"https:\/\/api.w.org\/{rel}","templated":true}]}}