{"id":663,"date":"2018-01-09T10:01:19","date_gmt":"2018-01-09T10:01:19","guid":{"rendered":"http:\/\/ry0xysuxf.preview.infomaniak.website\/?post_type=product&#038;p=663"},"modified":"2018-01-19T08:49:58","modified_gmt":"2018-01-19T08:49:58","slug":"accessoires-et-peripheriques","status":"publish","type":"product","link":"https:\/\/www.airvision.be\/fr\/product\/accessoires-et-peripheriques\/","title":{"rendered":"Accessoires et p\u00e9riph\u00e9riques"},"content":{"rendered":"<p>Pour vous \u00e9pargner les soucis d&#8217;int\u00e9gration et de logistique, nous pouvons \u00e9tendre nos prestations \u00e0 la fourniture de silencieux, de registres, de filtres d&#8217;aspiration, ainsi que leur raccords et charpentes de soutien, l&#8217;ensemble mont\u00e9 sur le lieu d&#8217;utilisation des \u00e9quipements.<\/p>\n","protected":false},"excerpt":{"rendered":"<p>Pour vous \u00e9pargner les soucis d&#8217;int\u00e9gration et de logistique, nous pouvons \u00e9tendre nos prestations \u00e0 la fourniture de silencieux, de registres, de filtres d&#8217;aspiration, ainsi que leur raccords et charpentes [&hellip;]<\/p>\n","protected":false},"featured_media":0,"template":"","type-of-product":[19],"class_list":["post-663","product","type-product","status-publish","hentry","type-of-product-maintenance-service-apres-vente"],"_links":{"self":[{"href":"https:\/\/www.airvision.be\/fr\/wp-json\/wp\/v2\/product\/663","targetHints":{"allow":["GET"]}}],"collection":[{"href":"https:\/\/www.airvision.be\/fr\/wp-json\/wp\/v2\/product"}],"about":[{"href":"https:\/\/www.airvision.be\/fr\/wp-json\/wp\/v2\/types\/product"}],"version-history":[{"count":0,"href":"https:\/\/www.airvision.be\/fr\/wp-json\/wp\/v2\/product\/663\/revisions"}],"wp:attachment":[{"href":"https:\/\/www.airvision.be\/fr\/wp-json\/wp\/v2\/media?parent=663"}],"wp:term":[{"taxonomy":"type-of-product","embeddable":true,"href":"https:\/\/www.airvision.be\/fr\/wp-json\/wp\/v2\/type-of-product?post=663"}],"curies":[{"name":"wp","href":"https:\/\/api.w.org\/{rel}","templated":true}]}}