{"id":664,"date":"2018-01-09T10:01:33","date_gmt":"2018-01-09T10:01:33","guid":{"rendered":"http:\/\/ry0xysuxf.preview.infomaniak.website\/?post_type=product&#038;p=664"},"modified":"2018-09-18T09:01:05","modified_gmt":"2018-09-18T09:01:05","slug":"garantie-air-vision","status":"publish","type":"product","link":"https:\/\/www.airvision.be\/fr\/product\/garantie-air-vision\/","title":{"rendered":"Garantie Air Vision"},"content":{"rendered":"<p>Exp\u00e9rience unique des process industriels.<br \/>\nEcoute et assistance pour le dimensionnement des ventilateurs. Le ma\u00eetre-achat : fiabilit\u00e9-long\u00e9vit\u00e9-co\u00fbt d&#8217;investissement et d&#8217;exploitation. Accompagnement personnalis\u00e9 pendant toute la dur\u00e9e d&#8217;utilisation des ventilateurs.<\/p>\n","protected":false},"excerpt":{"rendered":"<p>Exp\u00e9rience unique des process industriels. Ecoute et assistance pour le dimensionnement des ventilateurs. Le ma\u00eetre-achat : fiabilit\u00e9-long\u00e9vit\u00e9-co\u00fbt d&#8217;investissement et d&#8217;exploitation. Accompagnement personnalis\u00e9 pendant toute la dur\u00e9e d&#8217;utilisation des ventilateurs.<\/p>\n","protected":false},"featured_media":0,"template":"","type-of-product":[19],"class_list":["post-664","product","type-product","status-publish","hentry","type-of-product-maintenance-service-apres-vente"],"_links":{"self":[{"href":"https:\/\/www.airvision.be\/fr\/wp-json\/wp\/v2\/product\/664","targetHints":{"allow":["GET"]}}],"collection":[{"href":"https:\/\/www.airvision.be\/fr\/wp-json\/wp\/v2\/product"}],"about":[{"href":"https:\/\/www.airvision.be\/fr\/wp-json\/wp\/v2\/types\/product"}],"version-history":[{"count":1,"href":"https:\/\/www.airvision.be\/fr\/wp-json\/wp\/v2\/product\/664\/revisions"}],"predecessor-version":[{"id":2846,"href":"https:\/\/www.airvision.be\/fr\/wp-json\/wp\/v2\/product\/664\/revisions\/2846"}],"wp:attachment":[{"href":"https:\/\/www.airvision.be\/fr\/wp-json\/wp\/v2\/media?parent=664"}],"wp:term":[{"taxonomy":"type-of-product","embeddable":true,"href":"https:\/\/www.airvision.be\/fr\/wp-json\/wp\/v2\/type-of-product?post=664"}],"curies":[{"name":"wp","href":"https:\/\/api.w.org\/{rel}","templated":true}]}}