{"id":665,"date":"2018-01-09T10:01:45","date_gmt":"2018-01-09T10:01:45","guid":{"rendered":"http:\/\/ry0xysuxf.preview.infomaniak.website\/?post_type=product&#038;p=665"},"modified":"2018-05-08T13:43:29","modified_gmt":"2018-05-08T13:43:29","slug":"permanence-et-depannage","status":"publish","type":"product","link":"https:\/\/www.airvision.be\/fr\/product\/permanence-et-depannage\/","title":{"rendered":"Permanence et d\u00e9pannage"},"content":{"rendered":"<ul>\n<li>Air Vision est joignable 24 h\/ 24 , 365 jours par an, au num\u00e9ro habituel 00.32.10.47.00.80<\/li>\n<li>Nos d\u00e9lais de d\u00e9pannage tr\u00e8s courts correspondent \u00e0 vos imp\u00e9ratifs de production.<\/li>\n<\/ul>\n","protected":false},"excerpt":{"rendered":"<p>Air Vision est joignable 24 h\/ 24 , 365 jours par an, au num\u00e9ro habituel 00.32.10.47.00.80 Nos d\u00e9lais de d\u00e9pannage tr\u00e8s courts correspondent \u00e0 vos imp\u00e9ratifs de production.<\/p>\n","protected":false},"featured_media":0,"template":"","type-of-product":[19],"class_list":["post-665","product","type-product","status-publish","hentry","type-of-product-maintenance-service-apres-vente"],"_links":{"self":[{"href":"https:\/\/www.airvision.be\/fr\/wp-json\/wp\/v2\/product\/665","targetHints":{"allow":["GET"]}}],"collection":[{"href":"https:\/\/www.airvision.be\/fr\/wp-json\/wp\/v2\/product"}],"about":[{"href":"https:\/\/www.airvision.be\/fr\/wp-json\/wp\/v2\/types\/product"}],"version-history":[{"count":1,"href":"https:\/\/www.airvision.be\/fr\/wp-json\/wp\/v2\/product\/665\/revisions"}],"predecessor-version":[{"id":1074,"href":"https:\/\/www.airvision.be\/fr\/wp-json\/wp\/v2\/product\/665\/revisions\/1074"}],"wp:attachment":[{"href":"https:\/\/www.airvision.be\/fr\/wp-json\/wp\/v2\/media?parent=665"}],"wp:term":[{"taxonomy":"type-of-product","embeddable":true,"href":"https:\/\/www.airvision.be\/fr\/wp-json\/wp\/v2\/type-of-product?post=665"}],"curies":[{"name":"wp","href":"https:\/\/api.w.org\/{rel}","templated":true}]}}